{"id":198,"date":"2026-02-12T20:32:23","date_gmt":"2026-02-12T20:32:23","guid":{"rendered":"https:\/\/archieswok.com\/?page_id=198"},"modified":"2026-03-25T21:20:03","modified_gmt":"2026-03-25T21:20:03","slug":"nuestra-historia","status":"publish","type":"page","link":"https:\/\/archieswok.com\/en\/nuestra-historia\/","title":{"rendered":"Our History"},"content":{"rendered":"<div data-elementor-type=\"wp-page\" data-elementor-id=\"198\" class=\"elementor elementor-198\" data-elementor-post-type=\"page\">\n\t\t\t\t\t\t<section class=\"elementor-section elementor-top-section elementor-element elementor-element-1c456d83 elementor-section-content-middle elementor-section-boxed elementor-section-height-default elementor-section-height-default\" data-id=\"1c456d83\" data-element_type=\"section\" data-e-type=\"section\" data-settings=\"{&quot;background_background&quot;:&quot;classic&quot;}\">\n\t\t\t\t\t\t\t<div class=\"elementor-background-overlay\"><\/div>\n\t\t\t\t\t\t\t<div class=\"elementor-container elementor-column-gap-default\">\n\t\t\t\t\t<div class=\"elementor-column elementor-col-50 elementor-top-column elementor-element elementor-element-7a11137d elementor-invisible\" data-id=\"7a11137d\" data-element_type=\"column\" data-e-type=\"column\" data-settings=\"{&quot;animation&quot;:&quot;fadeInLeft&quot;}\">\n\t\t\t<div class=\"elementor-widget-wrap elementor-element-populated\">\n\t\t\t\t\t\t<div class=\"elementor-element elementor-element-170d619e elementor-widget elementor-widget-heading\" data-id=\"170d619e\" data-element_type=\"widget\" data-e-type=\"widget\" data-widget_type=\"heading.default\">\n\t\t\t\t\t<h6 class=\"elementor-heading-title elementor-size-default\">Introducing Ourselves<\/h6>\t\t\t\t<\/div>\n\t\t\t\t<div class=\"elementor-element elementor-element-1ffa3780 elementor-widget elementor-widget-heading\" data-id=\"1ffa3780\" data-element_type=\"widget\" data-e-type=\"widget\" data-widget_type=\"heading.default\">\n\t\t\t\t\t<h2 class=\"elementor-heading-title elementor-size-default\">More Than Flavors: The Story Behind Archie\u2019s Wok<\/h2>\t\t\t\t<\/div>\n\t\t\t\t<div class=\"elementor-element elementor-element-5ba19624 elementor-widget__width-initial elementor-widget-mobile__width-initial elementor-widget elementor-widget-text-editor\" data-id=\"5ba19624\" data-element_type=\"widget\" data-e-type=\"widget\" data-widget_type=\"text-editor.default\">\n\t\t\t\t\t\t\t\t\t<p>Our story is much more than great flavors. It began in 1978, when Archie was invited to become the private chef of renowned Hollywood director John Huston, at his personal retreat on the southern coast of Banderas Bay.<\/p><p>Accessible only by sea, Las Caletas was a jungle hideaway by the ocean where Huston welcomed guests from all walks of life. It was there that Archie set his table for an extraordinary range of visitors \u2014 from locals arriving through the jungle, to Mexican artists, his eclectic family, Hollywood friends and collaborators, Mexican filmmakers, French winemakers, and members of the English nobility.<\/p>\t\t\t\t\t\t\t\t<\/div>\n\t\t\t\t\t<\/div>\n\t\t<\/div>\n\t\t\t\t<div class=\"elementor-column elementor-col-50 elementor-top-column elementor-element elementor-element-7fa240b9\" data-id=\"7fa240b9\" data-element_type=\"column\" data-e-type=\"column\">\n\t\t\t<div class=\"elementor-widget-wrap elementor-element-populated\">\n\t\t\t\t\t\t<section class=\"elementor-section elementor-inner-section elementor-element elementor-element-6298f372 elementor-section-boxed elementor-section-height-default elementor-section-height-default\" data-id=\"6298f372\" data-element_type=\"section\" data-e-type=\"section\">\n\t\t\t\t\t\t<div class=\"elementor-container elementor-column-gap-default\">\n\t\t\t\t\t<div class=\"elementor-column elementor-col-100 elementor-inner-column elementor-element elementor-element-16c1bfc elementor-invisible\" data-id=\"16c1bfc\" data-element_type=\"column\" data-e-type=\"column\" data-settings=\"{&quot;animation&quot;:&quot;fadeInDown&quot;}\">\n\t\t\t<div class=\"elementor-widget-wrap elementor-element-populated\">\n\t\t\t\t\t\t<div class=\"elementor-element elementor-element-389388b elementor-widget-tablet__width-initial elementor-widget-mobile__width-initial elementor-widget elementor-widget-image\" data-id=\"389388b\" data-element_type=\"widget\" data-e-type=\"widget\" data-widget_type=\"image.default\">\n\t\t\t\t\t\t\t\t\t\t\t\t\t\t\t<img fetchpriority=\"high\" decoding=\"async\" width=\"1600\" height=\"1089\" src=\"https:\/\/archieswok.com\/wp-content\/uploads\/2026\/02\/PHOTO-2023-10-07-18-06-39.jpg\" class=\"attachment-full size-full wp-image-115\" alt=\"\" srcset=\"https:\/\/archieswok.com\/wp-content\/uploads\/2026\/02\/PHOTO-2023-10-07-18-06-39.jpg 1600w, https:\/\/archieswok.com\/wp-content\/uploads\/2026\/02\/PHOTO-2023-10-07-18-06-39-300x204.jpg 300w, https:\/\/archieswok.com\/wp-content\/uploads\/2026\/02\/PHOTO-2023-10-07-18-06-39-1024x697.jpg 1024w, https:\/\/archieswok.com\/wp-content\/uploads\/2026\/02\/PHOTO-2023-10-07-18-06-39-768x523.jpg 768w, https:\/\/archieswok.com\/wp-content\/uploads\/2026\/02\/PHOTO-2023-10-07-18-06-39-1536x1045.jpg 1536w\" sizes=\"(max-width: 1600px) 100vw, 1600px\" \/>\t\t\t\t\t\t\t\t\t\t\t\t\t\t\t<\/div>\n\t\t\t\t\t<\/div>\n\t\t<\/div>\n\t\t\t\t\t<\/div>\n\t\t<\/section>\n\t\t\t\t\t<\/div>\n\t\t<\/div>\n\t\t\t\t\t<\/div>\n\t\t<\/section>\n\t\t<div class=\"elementor-element elementor-element-086f4a4 e-flex e-con-boxed e-con e-parent\" data-id=\"086f4a4\" data-element_type=\"container\" data-e-type=\"container\" data-settings=\"{&quot;background_background&quot;:&quot;classic&quot;}\">\n\t\t\t\t\t<div class=\"e-con-inner\">\n\t\t<div class=\"elementor-element elementor-element-efcd099 e-con-full e-flex e-con e-child\" data-id=\"efcd099\" data-element_type=\"container\" data-e-type=\"container\">\n\t\t\t\t<div class=\"elementor-element elementor-element-70c1b14 elementor-widget elementor-widget-image\" data-id=\"70c1b14\" data-element_type=\"widget\" data-e-type=\"widget\" data-widget_type=\"image.default\">\n\t\t\t\t\t\t\t\t\t\t\t\t\t\t\t<img decoding=\"async\" width=\"800\" height=\"520\" src=\"https:\/\/archieswok.com\/wp-content\/uploads\/2026\/02\/PHOTO-2023-10-05-21-45-52-1024x665.jpg\" class=\"attachment-large size-large wp-image-122\" alt=\"\" srcset=\"https:\/\/archieswok.com\/wp-content\/uploads\/2026\/02\/PHOTO-2023-10-05-21-45-52-1024x665.jpg 1024w, https:\/\/archieswok.com\/wp-content\/uploads\/2026\/02\/PHOTO-2023-10-05-21-45-52-300x195.jpg 300w, https:\/\/archieswok.com\/wp-content\/uploads\/2026\/02\/PHOTO-2023-10-05-21-45-52-768x499.jpg 768w, https:\/\/archieswok.com\/wp-content\/uploads\/2026\/02\/PHOTO-2023-10-05-21-45-52-1536x997.jpg 1536w, https:\/\/archieswok.com\/wp-content\/uploads\/2026\/02\/PHOTO-2023-10-05-21-45-52.jpg 1600w\" sizes=\"(max-width: 800px) 100vw, 800px\" \/>\t\t\t\t\t\t\t\t\t\t\t\t\t\t\t<\/div>\n\t\t\t\t<\/div>\n\t\t<div class=\"elementor-element elementor-element-9e01a29 e-con-full e-flex e-con e-child\" data-id=\"9e01a29\" data-element_type=\"container\" data-e-type=\"container\">\n\t\t\t\t<div class=\"elementor-element elementor-element-1c55ab7 elementor-widget elementor-widget-image\" data-id=\"1c55ab7\" data-element_type=\"widget\" data-e-type=\"widget\" data-widget_type=\"image.default\">\n\t\t\t\t\t\t\t\t\t\t\t\t\t\t\t<img decoding=\"async\" width=\"800\" height=\"540\" src=\"https:\/\/archieswok.com\/wp-content\/uploads\/2026\/02\/PHOTO-2023-10-05-21-43-36-1024x691.jpg\" class=\"attachment-large size-large wp-image-86\" alt=\"\" srcset=\"https:\/\/archieswok.com\/wp-content\/uploads\/2026\/02\/PHOTO-2023-10-05-21-43-36-1024x691.jpg 1024w, https:\/\/archieswok.com\/wp-content\/uploads\/2026\/02\/PHOTO-2023-10-05-21-43-36-300x203.jpg 300w, https:\/\/archieswok.com\/wp-content\/uploads\/2026\/02\/PHOTO-2023-10-05-21-43-36-768x518.jpg 768w, https:\/\/archieswok.com\/wp-content\/uploads\/2026\/02\/PHOTO-2023-10-05-21-43-36-1536x1037.jpg 1536w, https:\/\/archieswok.com\/wp-content\/uploads\/2026\/02\/PHOTO-2023-10-05-21-43-36.jpg 1600w\" sizes=\"(max-width: 800px) 100vw, 800px\" \/>\t\t\t\t\t\t\t\t\t\t\t\t\t\t\t<\/div>\n\t\t\t\t<\/div>\n\t\t\t\t\t<\/div>\n\t\t\t\t<\/div>\n\t\t\t\t<section class=\"elementor-section elementor-top-section elementor-element elementor-element-685bdeb9 elementor-section-boxed elementor-section-height-default elementor-section-height-default\" data-id=\"685bdeb9\" data-element_type=\"section\" data-e-type=\"section\" data-settings=\"{&quot;background_background&quot;:&quot;classic&quot;}\">\n\t\t\t\t\t\t\t<div class=\"elementor-background-overlay\"><\/div>\n\t\t\t\t\t\t\t<div class=\"elementor-container elementor-column-gap-default\">\n\t\t\t\t\t<div class=\"elementor-column elementor-col-50 elementor-top-column elementor-element elementor-element-2210cd7\" data-id=\"2210cd7\" data-element_type=\"column\" data-e-type=\"column\">\n\t\t\t<div class=\"elementor-widget-wrap elementor-element-populated\">\n\t\t\t\t\t\t<div class=\"elementor-element elementor-element-4f886f04 elementor-widget__width-initial elementor-widget elementor-widget-image\" data-id=\"4f886f04\" data-element_type=\"widget\" data-e-type=\"widget\" data-widget_type=\"image.default\">\n\t\t\t\t\t\t\t\t\t\t\t\t\t\t\t<img loading=\"lazy\" decoding=\"async\" width=\"1440\" height=\"1800\" src=\"https:\/\/archieswok.com\/wp-content\/uploads\/2026\/02\/valentin-archies.jpg\" class=\"attachment-2048x2048 size-2048x2048 wp-image-152\" alt=\"\" srcset=\"https:\/\/archieswok.com\/wp-content\/uploads\/2026\/02\/valentin-archies.jpg 1440w, https:\/\/archieswok.com\/wp-content\/uploads\/2026\/02\/valentin-archies-240x300.jpg 240w, https:\/\/archieswok.com\/wp-content\/uploads\/2026\/02\/valentin-archies-819x1024.jpg 819w, https:\/\/archieswok.com\/wp-content\/uploads\/2026\/02\/valentin-archies-768x960.jpg 768w, https:\/\/archieswok.com\/wp-content\/uploads\/2026\/02\/valentin-archies-1229x1536.jpg 1229w\" sizes=\"(max-width: 1440px) 100vw, 1440px\" \/>\t\t\t\t\t\t\t\t\t\t\t\t\t\t\t<\/div>\n\t\t\t\t\t<\/div>\n\t\t<\/div>\n\t\t\t\t<div class=\"elementor-column elementor-col-50 elementor-top-column elementor-element elementor-element-66836793 elementor-invisible\" data-id=\"66836793\" data-element_type=\"column\" data-e-type=\"column\" data-settings=\"{&quot;animation&quot;:&quot;fadeInUp&quot;}\">\n\t\t\t<div class=\"elementor-widget-wrap elementor-element-populated\">\n\t\t\t\t\t\t<div class=\"elementor-element elementor-element-64fe2d4f elementor-widget__width-initial elementor-widget elementor-widget-text-editor\" data-id=\"64fe2d4f\" data-element_type=\"widget\" data-e-type=\"widget\" data-widget_type=\"text-editor.default\">\n\t\t\t\t\t\t\t\t\t<p data-start=\"0\" data-end=\"266\">Today, Archie\u2019s Wok remains a deeply personal project \u2014 a true labor of love now guided by his wife Cyndi, his daughter Kiyoki, and his son Sergio.\u00a0<\/p><p data-start=\"0\" data-end=\"266\">Kiyoki brings a warm sense of hospitality as she welcomes guests into our cozy and elegant dining room.<\/p><p data-start=\"268\" data-end=\"747\">Sergio leads the kitchen operations, personally selecting the freshest seafood, meats, and vegetables from the region each day, which are then transformed in the wok and on the grill into exquisite Asian-inspired dishes.\u00a0<\/p><p data-start=\"268\" data-end=\"747\">His cuisine is enriched with a selection of locally grown tropical herbs and spices, such as kaffir lime, galangal, lemongrass, ginger, chilies, tamarind, and coconut milk \u2014 essential ingredients in both Asian cuisine and the Mexican coast.<\/p>\t\t\t\t\t\t\t\t<\/div>\n\t\t\t\t\t<\/div>\n\t\t<\/div>\n\t\t\t\t\t<\/div>\n\t\t<\/section>\n\t\t<div class=\"elementor-element elementor-element-c241b16 e-flex e-con-boxed e-con e-parent\" data-id=\"c241b16\" data-element_type=\"container\" data-e-type=\"container\">\n\t\t\t\t\t<div class=\"e-con-inner\">\n\t\t\t\t<div class=\"elementor-element elementor-element-7a1d9c2 elementor-widget elementor-widget-spacer\" data-id=\"7a1d9c2\" data-element_type=\"widget\" data-e-type=\"widget\" data-widget_type=\"spacer.default\">\n\t\t\t\t\t\t\t<div class=\"elementor-spacer\">\n\t\t\t<div class=\"elementor-spacer-inner\"><\/div>\n\t\t<\/div>\n\t\t\t\t\t\t<\/div>\n\t\t\t\t\t<\/div>\n\t\t\t\t<\/div>\n\t\t<div class=\"elementor-element elementor-element-4592e255 e-flex e-con-boxed e-con e-parent\" data-id=\"4592e255\" data-element_type=\"container\" data-e-type=\"container\">\n\t\t\t\t\t<div class=\"e-con-inner\">\n\t\t<div class=\"elementor-element elementor-element-211a1b8b e-con-full e-flex e-con e-child\" data-id=\"211a1b8b\" data-element_type=\"container\" data-e-type=\"container\">\n\t\t\t\t<div class=\"elementor-element elementor-element-3f40c5cf elementor-widget__width-initial elementor-widget elementor-widget-text-editor\" data-id=\"3f40c5cf\" data-element_type=\"widget\" data-e-type=\"widget\" data-widget_type=\"text-editor.default\">\n\t\t\t\t\t\t\t\t\t<p>\u00a0<\/p><p data-start=\"0\" data-end=\"239\">The tradition of sharing food family-style evokes those early days when Huston and his guests gathered around the table, enjoying together an abundance of flavors that created a generous and memorable experience.<\/p><p data-start=\"241\" data-end=\"625\">Or perhaps you prefer a more romantic evening \u2014 an intimate, candlelit encounter in our tea garden. Celebrate with a Sichuan Margarita, a Silk Moon Martini, a Mt. Fuji, or a Manila Cooler, and let yourself be carried into a truly enchanting culinary experience.<\/p><p data-start=\"627\" data-end=\"669\" data-is-last-node=\"\" data-is-only-node=\"\"><strong data-start=\"627\" data-end=\"669\" data-is-last-node=\"\">We welcome you to our table.<\/strong><\/p>\t\t\t\t\t\t\t\t<\/div>\n\t\t\t\t<\/div>\n\t\t<div class=\"elementor-element elementor-element-48352c5d e-con-full e-flex e-con e-child\" data-id=\"48352c5d\" data-element_type=\"container\" data-e-type=\"container\">\n\t\t\t\t<div class=\"elementor-element elementor-element-49809be2 elementor-widget elementor-widget-image\" data-id=\"49809be2\" data-element_type=\"widget\" data-e-type=\"widget\" data-widget_type=\"image.default\">\n\t\t\t\t\t\t\t\t\t\t\t\t\t\t\t<img loading=\"lazy\" decoding=\"async\" width=\"800\" height=\"498\" src=\"https:\/\/archieswok.com\/wp-content\/uploads\/2026\/02\/tradition-archie-1024x638.jpg\" class=\"attachment-large size-large wp-image-309\" alt=\"\" srcset=\"https:\/\/archieswok.com\/wp-content\/uploads\/2026\/02\/tradition-archie-1024x638.jpg 1024w, https:\/\/archieswok.com\/wp-content\/uploads\/2026\/02\/tradition-archie-300x187.jpg 300w, https:\/\/archieswok.com\/wp-content\/uploads\/2026\/02\/tradition-archie-768x478.jpg 768w, https:\/\/archieswok.com\/wp-content\/uploads\/2026\/02\/tradition-archie-1536x956.jpg 1536w, https:\/\/archieswok.com\/wp-content\/uploads\/2026\/02\/tradition-archie-18x12.jpg 18w, https:\/\/archieswok.com\/wp-content\/uploads\/2026\/02\/tradition-archie.jpg 2048w\" sizes=\"(max-width: 800px) 100vw, 800px\" \/>\t\t\t\t\t\t\t\t\t\t\t\t\t\t\t<\/div>\n\t\t\t\t<\/div>\n\t\t\t\t\t<\/div>\n\t\t\t\t<\/div>\n\t\t<div class=\"elementor-element elementor-element-63c96ae e-flex e-con-boxed e-con e-parent\" data-id=\"63c96ae\" data-element_type=\"container\" data-e-type=\"container\">\n\t\t\t\t\t<div class=\"e-con-inner\">\n\t\t\t\t<div class=\"elementor-element elementor-element-3bc8583 elementor-widget elementor-widget-spacer\" data-id=\"3bc8583\" data-element_type=\"widget\" data-e-type=\"widget\" data-widget_type=\"spacer.default\">\n\t\t\t\t\t\t\t<div class=\"elementor-spacer\">\n\t\t\t<div class=\"elementor-spacer-inner\"><\/div>\n\t\t<\/div>\n\t\t\t\t\t\t<\/div>\n\t\t\t\t\t<\/div>\n\t\t\t\t<\/div>\n\t\t<div class=\"elementor-element elementor-element-50c7cb4 e-flex e-con-boxed e-con e-parent\" data-id=\"50c7cb4\" data-element_type=\"container\" data-e-type=\"container\">\n\t\t\t\t\t<div class=\"e-con-inner\">\n\t\t\t\t<div class=\"elementor-element elementor-element-e5e53f9 elementor-widget elementor-widget-spacer\" data-id=\"e5e53f9\" data-element_type=\"widget\" data-e-type=\"widget\" data-widget_type=\"spacer.default\">\n\t\t\t\t\t\t\t<div class=\"elementor-spacer\">\n\t\t\t<div class=\"elementor-spacer-inner\"><\/div>\n\t\t<\/div>\n\t\t\t\t\t\t<\/div>\n\t\t\t\t\t<\/div>\n\t\t\t\t<\/div>\n\t\t\t\t<\/div>","protected":false},"excerpt":{"rendered":"<p>Present\u00e1ndonos M\u00e1s que Sabores: La Historia Detr\u00e1s de Archie\u2019s Wok Nuestra historia es mucho m\u00e1s que grandes sabores. Comenz\u00f3 en 1978, cuando Archie fue invitado a convertirse en el chef privado del reconocido director de Hollywood John Huston, en su refugio personal ubicado en la costa sur de la Bah\u00eda de Banderas. Accesible \u00fanicamente por [&hellip;]<\/p>\n","protected":false},"author":1,"featured_media":132,"parent":0,"menu_order":0,"comment_status":"closed","ping_status":"closed","template":"","meta":{"footnotes":""},"class_list":["post-198","page","type-page","status-publish","has-post-thumbnail","hentry"],"yoast_head":"<!-- This site is optimized with the Yoast SEO plugin v27.3 - https:\/\/yoast.com\/product\/yoast-seo-wordpress\/ -->\n<title>Nuestra Historia - Fusi\u00f3n Asiatica Nuestra Historia | Archie&#039;s Wok Puerto Vallarta<\/title>\n<meta name=\"description\" content=\"Conoce la historia de Archie&#039;s Wok, un ic\u00f3nico restaurante de fusi\u00f3n asi\u00e1tica en Puerto Vallarta con a\u00f1os de tradici\u00f3n y aut\u00e9nticos sabores del sudeste asi\u00e1tico.\" \/>\n<meta name=\"robots\" content=\"index, follow, max-snippet:-1, max-image-preview:large, max-video-preview:-1\" \/>\n<link rel=\"canonical\" href=\"https:\/\/archieswok.com\/en\/nuestra-historia\/\" \/>\n<meta property=\"og:locale\" content=\"en_US\" \/>\n<meta property=\"og:type\" content=\"article\" \/>\n<meta property=\"og:title\" content=\"Nuestra Historia - Fusi\u00f3n Asiatica Nuestra Historia | Archie&#039;s Wok Puerto Vallarta\" \/>\n<meta property=\"og:description\" content=\"Conoce la historia de Archie&#039;s Wok, un ic\u00f3nico restaurante de fusi\u00f3n asi\u00e1tica en Puerto Vallarta con a\u00f1os de tradici\u00f3n y aut\u00e9nticos sabores del sudeste asi\u00e1tico.\" \/>\n<meta property=\"og:url\" content=\"https:\/\/archieswok.com\/en\/nuestra-historia\/\" \/>\n<meta property=\"og:site_name\" content=\"Fusi\u00f3n Asiatica\" \/>\n<meta property=\"article:publisher\" content=\"https:\/\/www.facebook.com\/archieswok\" \/>\n<meta property=\"article:modified_time\" content=\"2026-03-25T21:20:03+00:00\" \/>\n<meta property=\"og:image\" content=\"https:\/\/archieswok.com\/wp-content\/uploads\/2026\/02\/archies-wok-puerto.jpg\" \/>\n\t<meta property=\"og:image:width\" content=\"2048\" \/>\n\t<meta property=\"og:image:height\" content=\"1470\" \/>\n\t<meta property=\"og:image:type\" content=\"image\/jpeg\" \/>\n<meta name=\"twitter:card\" content=\"summary_large_image\" \/>\n<meta name=\"twitter:label1\" content=\"Est. reading time\" \/>\n\t<meta name=\"twitter:data1\" content=\"2 minutes\" \/>\n<script type=\"application\/ld+json\" class=\"yoast-schema-graph\">{\"@context\":\"https:\\\/\\\/schema.org\",\"@graph\":[{\"@type\":\"WebPage\",\"@id\":\"https:\\\/\\\/archieswok.com\\\/nuestra-historia\\\/\",\"url\":\"https:\\\/\\\/archieswok.com\\\/nuestra-historia\\\/\",\"name\":\"Nuestra Historia - Fusi\u00f3n Asiatica Nuestra Historia | Archie's Wok Puerto Vallarta\",\"isPartOf\":{\"@id\":\"https:\\\/\\\/archieswok.com\\\/#website\"},\"primaryImageOfPage\":{\"@id\":\"https:\\\/\\\/archieswok.com\\\/nuestra-historia\\\/#primaryimage\"},\"image\":{\"@id\":\"https:\\\/\\\/archieswok.com\\\/nuestra-historia\\\/#primaryimage\"},\"thumbnailUrl\":\"https:\\\/\\\/archieswok.com\\\/wp-content\\\/uploads\\\/2026\\\/02\\\/archies-wok-puerto.jpg\",\"datePublished\":\"2026-02-12T20:32:23+00:00\",\"dateModified\":\"2026-03-25T21:20:03+00:00\",\"description\":\"Conoce la historia de Archie's Wok, un ic\u00f3nico restaurante de fusi\u00f3n asi\u00e1tica en Puerto Vallarta con a\u00f1os de tradici\u00f3n y aut\u00e9nticos sabores del sudeste asi\u00e1tico.\",\"breadcrumb\":{\"@id\":\"https:\\\/\\\/archieswok.com\\\/nuestra-historia\\\/#breadcrumb\"},\"inLanguage\":\"en-US\",\"potentialAction\":[{\"@type\":\"ReadAction\",\"target\":[\"https:\\\/\\\/archieswok.com\\\/nuestra-historia\\\/\"]}]},{\"@type\":\"ImageObject\",\"inLanguage\":\"en-US\",\"@id\":\"https:\\\/\\\/archieswok.com\\\/nuestra-historia\\\/#primaryimage\",\"url\":\"https:\\\/\\\/archieswok.com\\\/wp-content\\\/uploads\\\/2026\\\/02\\\/archies-wok-puerto.jpg\",\"contentUrl\":\"https:\\\/\\\/archieswok.com\\\/wp-content\\\/uploads\\\/2026\\\/02\\\/archies-wok-puerto.jpg\",\"width\":2048,\"height\":1470},{\"@type\":\"BreadcrumbList\",\"@id\":\"https:\\\/\\\/archieswok.com\\\/nuestra-historia\\\/#breadcrumb\",\"itemListElement\":[{\"@type\":\"ListItem\",\"position\":1,\"name\":\"Portada\",\"item\":\"https:\\\/\\\/archieswok.com\\\/\"},{\"@type\":\"ListItem\",\"position\":2,\"name\":\"Nuestra Historia\"}]},{\"@type\":\"WebSite\",\"@id\":\"https:\\\/\\\/archieswok.com\\\/#website\",\"url\":\"https:\\\/\\\/archieswok.com\\\/\",\"name\":\"Archie's Wok\",\"description\":\"Todos los derechos reservados\",\"publisher\":{\"@id\":\"https:\\\/\\\/archieswok.com\\\/#organization\"},\"potentialAction\":[{\"@type\":\"SearchAction\",\"target\":{\"@type\":\"EntryPoint\",\"urlTemplate\":\"https:\\\/\\\/archieswok.com\\\/?s={search_term_string}\"},\"query-input\":{\"@type\":\"PropertyValueSpecification\",\"valueRequired\":true,\"valueName\":\"search_term_string\"}}],\"inLanguage\":\"en-US\"},{\"@type\":\"Organization\",\"@id\":\"https:\\\/\\\/archieswok.com\\\/#organization\",\"name\":\"Archie's Wok\",\"url\":\"https:\\\/\\\/archieswok.com\\\/\",\"logo\":{\"@type\":\"ImageObject\",\"inLanguage\":\"en-US\",\"@id\":\"https:\\\/\\\/archieswok.com\\\/#\\\/schema\\\/logo\\\/image\\\/\",\"url\":\"https:\\\/\\\/archieswok.com\\\/wp-content\\\/uploads\\\/2026\\\/02\\\/logo.png\",\"contentUrl\":\"https:\\\/\\\/archieswok.com\\\/wp-content\\\/uploads\\\/2026\\\/02\\\/logo.png\",\"width\":300,\"height\":300,\"caption\":\"Archie's Wok\"},\"image\":{\"@id\":\"https:\\\/\\\/archieswok.com\\\/#\\\/schema\\\/logo\\\/image\\\/\"},\"sameAs\":[\"https:\\\/\\\/www.facebook.com\\\/archieswok\",\"https:\\\/\\\/www.tripadvisor.com\\\/Restaurant_Review-g150793-d1031963-Reviews-Archie_s_Wok-Puerto_Vallarta.html\",\"https:\\\/\\\/www.instagram.com\\\/archies_wok\"]}]}<\/script>\n<!-- \/ Yoast SEO plugin. -->","yoast_head_json":{"title":"Nuestra Historia - Fusi\u00f3n Asiatica Nuestra Historia | Archie's Wok Puerto Vallarta","description":"Conoce la historia de Archie's Wok, un ic\u00f3nico restaurante de fusi\u00f3n asi\u00e1tica en Puerto Vallarta con a\u00f1os de tradici\u00f3n y aut\u00e9nticos sabores del sudeste asi\u00e1tico.","robots":{"index":"index","follow":"follow","max-snippet":"max-snippet:-1","max-image-preview":"max-image-preview:large","max-video-preview":"max-video-preview:-1"},"canonical":"https:\/\/archieswok.com\/en\/nuestra-historia\/","og_locale":"en_US","og_type":"article","og_title":"Nuestra Historia - Fusi\u00f3n Asiatica Nuestra Historia | Archie's Wok Puerto Vallarta","og_description":"Conoce la historia de Archie's Wok, un ic\u00f3nico restaurante de fusi\u00f3n asi\u00e1tica en Puerto Vallarta con a\u00f1os de tradici\u00f3n y aut\u00e9nticos sabores del sudeste asi\u00e1tico.","og_url":"https:\/\/archieswok.com\/en\/nuestra-historia\/","og_site_name":"Fusi\u00f3n Asiatica","article_publisher":"https:\/\/www.facebook.com\/archieswok","article_modified_time":"2026-03-25T21:20:03+00:00","og_image":[{"width":2048,"height":1470,"url":"https:\/\/archieswok.com\/wp-content\/uploads\/2026\/02\/archies-wok-puerto.jpg","type":"image\/jpeg"}],"twitter_card":"summary_large_image","twitter_misc":{"Est. reading time":"2 minutes"},"schema":{"@context":"https:\/\/schema.org","@graph":[{"@type":"WebPage","@id":"https:\/\/archieswok.com\/nuestra-historia\/","url":"https:\/\/archieswok.com\/nuestra-historia\/","name":"Nuestra Historia - Fusi\u00f3n Asiatica Nuestra Historia | Archie's Wok Puerto Vallarta","isPartOf":{"@id":"https:\/\/archieswok.com\/#website"},"primaryImageOfPage":{"@id":"https:\/\/archieswok.com\/nuestra-historia\/#primaryimage"},"image":{"@id":"https:\/\/archieswok.com\/nuestra-historia\/#primaryimage"},"thumbnailUrl":"https:\/\/archieswok.com\/wp-content\/uploads\/2026\/02\/archies-wok-puerto.jpg","datePublished":"2026-02-12T20:32:23+00:00","dateModified":"2026-03-25T21:20:03+00:00","description":"Conoce la historia de Archie's Wok, un ic\u00f3nico restaurante de fusi\u00f3n asi\u00e1tica en Puerto Vallarta con a\u00f1os de tradici\u00f3n y aut\u00e9nticos sabores del sudeste asi\u00e1tico.","breadcrumb":{"@id":"https:\/\/archieswok.com\/nuestra-historia\/#breadcrumb"},"inLanguage":"en-US","potentialAction":[{"@type":"ReadAction","target":["https:\/\/archieswok.com\/nuestra-historia\/"]}]},{"@type":"ImageObject","inLanguage":"en-US","@id":"https:\/\/archieswok.com\/nuestra-historia\/#primaryimage","url":"https:\/\/archieswok.com\/wp-content\/uploads\/2026\/02\/archies-wok-puerto.jpg","contentUrl":"https:\/\/archieswok.com\/wp-content\/uploads\/2026\/02\/archies-wok-puerto.jpg","width":2048,"height":1470},{"@type":"BreadcrumbList","@id":"https:\/\/archieswok.com\/nuestra-historia\/#breadcrumb","itemListElement":[{"@type":"ListItem","position":1,"name":"Portada","item":"https:\/\/archieswok.com\/"},{"@type":"ListItem","position":2,"name":"Nuestra Historia"}]},{"@type":"WebSite","@id":"https:\/\/archieswok.com\/#website","url":"https:\/\/archieswok.com\/","name":"Archie's Wok","description":"Todos los derechos reservados","publisher":{"@id":"https:\/\/archieswok.com\/#organization"},"potentialAction":[{"@type":"SearchAction","target":{"@type":"EntryPoint","urlTemplate":"https:\/\/archieswok.com\/?s={search_term_string}"},"query-input":{"@type":"PropertyValueSpecification","valueRequired":true,"valueName":"search_term_string"}}],"inLanguage":"en-US"},{"@type":"Organization","@id":"https:\/\/archieswok.com\/#organization","name":"Archie's Wok","url":"https:\/\/archieswok.com\/","logo":{"@type":"ImageObject","inLanguage":"en-US","@id":"https:\/\/archieswok.com\/#\/schema\/logo\/image\/","url":"https:\/\/archieswok.com\/wp-content\/uploads\/2026\/02\/logo.png","contentUrl":"https:\/\/archieswok.com\/wp-content\/uploads\/2026\/02\/logo.png","width":300,"height":300,"caption":"Archie's Wok"},"image":{"@id":"https:\/\/archieswok.com\/#\/schema\/logo\/image\/"},"sameAs":["https:\/\/www.facebook.com\/archieswok","https:\/\/www.tripadvisor.com\/Restaurant_Review-g150793-d1031963-Reviews-Archie_s_Wok-Puerto_Vallarta.html","https:\/\/www.instagram.com\/archies_wok"]}]}},"_links":{"self":[{"href":"https:\/\/archieswok.com\/en\/wp-json\/wp\/v2\/pages\/198","targetHints":{"allow":["GET"]}}],"collection":[{"href":"https:\/\/archieswok.com\/en\/wp-json\/wp\/v2\/pages"}],"about":[{"href":"https:\/\/archieswok.com\/en\/wp-json\/wp\/v2\/types\/page"}],"author":[{"embeddable":true,"href":"https:\/\/archieswok.com\/en\/wp-json\/wp\/v2\/users\/1"}],"replies":[{"embeddable":true,"href":"https:\/\/archieswok.com\/en\/wp-json\/wp\/v2\/comments?post=198"}],"version-history":[{"count":73,"href":"https:\/\/archieswok.com\/en\/wp-json\/wp\/v2\/pages\/198\/revisions"}],"predecessor-version":[{"id":802,"href":"https:\/\/archieswok.com\/en\/wp-json\/wp\/v2\/pages\/198\/revisions\/802"}],"wp:featuredmedia":[{"embeddable":true,"href":"https:\/\/archieswok.com\/en\/wp-json\/wp\/v2\/media\/132"}],"wp:attachment":[{"href":"https:\/\/archieswok.com\/en\/wp-json\/wp\/v2\/media?parent=198"}],"curies":[{"name":"wp","href":"https:\/\/api.w.org\/{rel}","templated":true}]}}