{"id":226,"date":"2026-02-13T01:05:20","date_gmt":"2026-02-13T01:05:20","guid":{"rendered":"https:\/\/archieswok.com\/?page_id=226"},"modified":"2026-04-07T19:33:55","modified_gmt":"2026-04-07T19:33:55","slug":"prensa","status":"publish","type":"page","link":"https:\/\/archieswok.com\/es\/prensa\/","title":{"rendered":"Prensa"},"content":{"rendered":"\t\t<div data-elementor-type=\"wp-page\" data-elementor-id=\"226\" class=\"elementor elementor-226\" data-elementor-post-type=\"page\">\n\t\t\t\t\t\t<section class=\"elementor-section elementor-top-section elementor-element elementor-element-a0fa72e elementor-section-content-middle elementor-section-boxed elementor-section-height-default elementor-section-height-default\" data-id=\"a0fa72e\" data-element_type=\"section\" data-e-type=\"section\" data-settings=\"{&quot;background_background&quot;:&quot;classic&quot;}\">\n\t\t\t\t\t\t\t<div class=\"elementor-background-overlay\"><\/div>\n\t\t\t\t\t\t\t<div class=\"elementor-container elementor-column-gap-default\">\n\t\t\t\t\t<div class=\"elementor-column elementor-col-50 elementor-top-column elementor-element elementor-element-24e0b8d2 elementor-invisible\" data-id=\"24e0b8d2\" data-element_type=\"column\" data-e-type=\"column\" data-settings=\"{&quot;animation&quot;:&quot;fadeInLeft&quot;}\">\n\t\t\t<div class=\"elementor-widget-wrap elementor-element-populated\">\n\t\t\t\t\t\t<div class=\"elementor-element elementor-element-6dd38df1 elementor-widget elementor-widget-heading\" data-id=\"6dd38df1\" data-element_type=\"widget\" data-e-type=\"widget\" data-widget_type=\"heading.default\">\n\t\t\t\t\t<h2 class=\"elementor-heading-title elementor-size-default\">M\u00e1s de 40 a\u00f1os formando parte de la historia de Puerto Vallarta.<\/h2>\t\t\t\t<\/div>\n\t\t\t\t<div class=\"elementor-element elementor-element-6b369129 elementor-widget__width-initial elementor-widget-mobile__width-initial elementor-widget elementor-widget-text-editor\" data-id=\"6b369129\" data-element_type=\"widget\" data-e-type=\"widget\" data-widget_type=\"text-editor.default\">\n\t\t\t\t\t\t\t\t\t<p>Desde nuestros inicios, hemos sido parte de la evoluci\u00f3n gastron\u00f3mica de Puerto Vallarta.<\/p><p>Como uno de los primeros restaurantes en abrir camino en la ciudad, nuestra historia \u2014que abarca m\u00e1s de 40 a\u00f1os\u2014 ha sido contada por medios que reconocen nuestra trayectoria, sabor y esencia.<\/p><p>Te invitamos a descubrir lo que se ha dicho sobre nosotros.<\/p>\t\t\t\t\t\t\t\t<\/div>\n\t\t\t\t\t<\/div>\n\t\t<\/div>\n\t\t\t\t<div class=\"elementor-column elementor-col-50 elementor-top-column elementor-element elementor-element-5b61ff7b\" data-id=\"5b61ff7b\" data-element_type=\"column\" data-e-type=\"column\">\n\t\t\t<div class=\"elementor-widget-wrap elementor-element-populated\">\n\t\t\t\t\t\t<section class=\"elementor-section elementor-inner-section elementor-element elementor-element-1374e30c elementor-section-boxed elementor-section-height-default elementor-section-height-default\" data-id=\"1374e30c\" data-element_type=\"section\" data-e-type=\"section\">\n\t\t\t\t\t\t<div class=\"elementor-container elementor-column-gap-default\">\n\t\t\t\t\t<div class=\"elementor-column elementor-col-100 elementor-inner-column elementor-element elementor-element-2c977d30 elementor-invisible\" data-id=\"2c977d30\" data-element_type=\"column\" data-e-type=\"column\" data-settings=\"{&quot;animation&quot;:&quot;fadeInDown&quot;}\">\n\t\t\t<div class=\"elementor-widget-wrap elementor-element-populated\">\n\t\t\t\t\t\t<div class=\"elementor-element elementor-element-27d717a9 elementor-widget-tablet__width-initial elementor-widget-mobile__width-initial elementor-widget elementor-widget-image\" data-id=\"27d717a9\" data-element_type=\"widget\" data-e-type=\"widget\" data-widget_type=\"image.default\">\n\t\t\t\t\t\t\t\t\t\t\t\t\t\t\t<img fetchpriority=\"high\" decoding=\"async\" width=\"899\" height=\"899\" src=\"https:\/\/archieswok.com\/wp-content\/uploads\/2026\/02\/welcome-puerto-vallarta.jpg\" class=\"attachment-full size-full wp-image-154\" alt=\"\" srcset=\"https:\/\/archieswok.com\/wp-content\/uploads\/2026\/02\/welcome-puerto-vallarta.jpg 899w, https:\/\/archieswok.com\/wp-content\/uploads\/2026\/02\/welcome-puerto-vallarta-300x300.jpg 300w, https:\/\/archieswok.com\/wp-content\/uploads\/2026\/02\/welcome-puerto-vallarta-150x150.jpg 150w, https:\/\/archieswok.com\/wp-content\/uploads\/2026\/02\/welcome-puerto-vallarta-768x768.jpg 768w\" sizes=\"(max-width: 899px) 100vw, 899px\" \/>\t\t\t\t\t\t\t\t\t\t\t\t\t\t\t<\/div>\n\t\t\t\t\t<\/div>\n\t\t<\/div>\n\t\t\t\t\t<\/div>\n\t\t<\/section>\n\t\t\t\t\t<\/div>\n\t\t<\/div>\n\t\t\t\t\t<\/div>\n\t\t<\/section>\n\t\t<div class=\"elementor-element elementor-element-7c51e15 e-flex e-con-boxed e-con e-parent\" data-id=\"7c51e15\" data-element_type=\"container\" data-e-type=\"container\">\n\t\t\t\t\t<div class=\"e-con-inner\">\n\t\t\t\t<div class=\"elementor-element elementor-element-c9263b3 elementor-widget elementor-widget-spacer\" data-id=\"c9263b3\" data-element_type=\"widget\" data-e-type=\"widget\" data-widget_type=\"spacer.default\">\n\t\t\t\t\t\t\t<div class=\"elementor-spacer\">\n\t\t\t<div class=\"elementor-spacer-inner\"><\/div>\n\t\t<\/div>\n\t\t\t\t\t\t<\/div>\n\t\t\t\t\t<\/div>\n\t\t\t\t<\/div>\n\t\t<div class=\"elementor-element elementor-element-8855b68 e-grid e-con-boxed e-con e-parent\" data-id=\"8855b68\" data-element_type=\"container\" data-e-type=\"container\">\n\t\t\t\t\t<div class=\"e-con-inner\">\n\t\t\t\t<div class=\"elementor-element elementor-element-ad5168c elementor-position-top elementor-widget elementor-widget-image-box\" data-id=\"ad5168c\" data-element_type=\"widget\" data-e-type=\"widget\" data-widget_type=\"image-box.default\">\n\t\t\t\t\t<div class=\"elementor-image-box-wrapper\"><figure class=\"elementor-image-box-img\"><a href=\"https:\/\/vallarta.gaycities.com\/restaurants\/302376-archies-wok\" target=\"_blank\" tabindex=\"-1\"><img decoding=\"async\" width=\"320\" height=\"73\" src=\"https:\/\/archieswok.com\/wp-content\/uploads\/2026\/03\/IMG_0338.webp\" class=\"attachment-full size-full wp-image-833\" alt=\"\" srcset=\"https:\/\/archieswok.com\/wp-content\/uploads\/2026\/03\/IMG_0338.webp 320w, https:\/\/archieswok.com\/wp-content\/uploads\/2026\/03\/IMG_0338-300x68.webp 300w, https:\/\/archieswok.com\/wp-content\/uploads\/2026\/03\/IMG_0338-18x4.webp 18w\" sizes=\"(max-width: 320px) 100vw, 320px\" \/><\/a><\/figure><div class=\"elementor-image-box-content\"><h3 class=\"elementor-image-box-title\"><a href=\"https:\/\/vallarta.gaycities.com\/restaurants\/302376-archies-wok\" target=\"_blank\">Asian fusion in cozy atmosphere<\/a><\/h3><p class=\"elementor-image-box-description\">Asian fusion in cozy atmosphere\nArchie's offers a variety of Thai, Chinese, Filipino, Vietnamese\u2026<\/p><\/div><\/div>\t\t\t\t<\/div>\n\t\t\t\t<div class=\"elementor-element elementor-element-22151f1 elementor-position-top elementor-widget elementor-widget-image-box\" data-id=\"22151f1\" data-element_type=\"widget\" data-e-type=\"widget\" data-widget_type=\"image-box.default\">\n\t\t\t\t\t<div class=\"elementor-image-box-wrapper\"><figure class=\"elementor-image-box-img\"><a href=\"https:\/\/www.frommers.com\/destinations\/puerto-vallarta\/restaurants\/archies-wok\/\" target=\"_blank\" tabindex=\"-1\"><img decoding=\"async\" width=\"566\" height=\"156\" src=\"https:\/\/archieswok.com\/wp-content\/uploads\/2026\/04\/From.png\" class=\"attachment-full size-full wp-image-849\" alt=\"\" srcset=\"https:\/\/archieswok.com\/wp-content\/uploads\/2026\/04\/From.png 566w, https:\/\/archieswok.com\/wp-content\/uploads\/2026\/04\/From-300x83.png 300w, https:\/\/archieswok.com\/wp-content\/uploads\/2026\/04\/From-18x5.png 18w\" sizes=\"(max-width: 566px) 100vw, 566px\" \/><\/a><\/figure><div class=\"elementor-image-box-content\"><h3 class=\"elementor-image-box-title\"><a href=\"https:\/\/www.frommers.com\/destinations\/puerto-vallarta\/restaurants\/archies-wok\/\" target=\"_blank\">Archie's Wok<\/a><\/h3><p class=\"elementor-image-box-description\">Since 1986, Archie's has been legendary in Puerto Vallarta for serving original cuisine influenced by the intriguing\u2026<\/p><\/div><\/div>\t\t\t\t<\/div>\n\t\t\t\t<div class=\"elementor-element elementor-element-6d14361 elementor-position-top elementor-widget elementor-widget-image-box\" data-id=\"6d14361\" data-element_type=\"widget\" data-e-type=\"widget\" data-widget_type=\"image-box.default\">\n\t\t\t\t\t<div class=\"elementor-image-box-wrapper\"><figure class=\"elementor-image-box-img\"><a href=\"https:\/\/www.fodors.com\/world\/mexico-and-central-america\/mexico\/puerto-vallarta\/restaurants\/reviews\/archies-wok-200419\" target=\"_blank\" tabindex=\"-1\"><img loading=\"lazy\" decoding=\"async\" width=\"1600\" height=\"250\" src=\"https:\/\/archieswok.com\/wp-content\/uploads\/2026\/04\/fodorstravel-logo-orange-1.webp\" class=\"attachment-full size-full wp-image-852\" alt=\"\" srcset=\"https:\/\/archieswok.com\/wp-content\/uploads\/2026\/04\/fodorstravel-logo-orange-1.webp 1600w, https:\/\/archieswok.com\/wp-content\/uploads\/2026\/04\/fodorstravel-logo-orange-1-300x47.webp 300w, https:\/\/archieswok.com\/wp-content\/uploads\/2026\/04\/fodorstravel-logo-orange-1-1024x160.webp 1024w, https:\/\/archieswok.com\/wp-content\/uploads\/2026\/04\/fodorstravel-logo-orange-1-768x120.webp 768w, https:\/\/archieswok.com\/wp-content\/uploads\/2026\/04\/fodorstravel-logo-orange-1-1536x240.webp 1536w, https:\/\/archieswok.com\/wp-content\/uploads\/2026\/04\/fodorstravel-logo-orange-1-18x3.webp 18w\" sizes=\"(max-width: 1600px) 100vw, 1600px\" \/><\/a><\/figure><div class=\"elementor-image-box-content\"><h3 class=\"elementor-image-box-title\"><a href=\"https:\/\/www.fodors.com\/world\/mexico-and-central-america\/mexico\/puerto-vallarta\/restaurants\/reviews\/archies-wok-200419\" target=\"_blank\">Fodor's Expert ReviewArchie's Wok<\/a><\/h3><p class=\"elementor-image-box-description\">Dishes at this extremely popular pan-Asian restaurant include Thai garlic\u2026<\/p><\/div><\/div>\t\t\t\t<\/div>\n\t\t\t\t\t<\/div>\n\t\t\t\t<\/div>\n\t\t<div class=\"elementor-element elementor-element-18de4ff e-flex e-con-boxed e-con e-parent\" data-id=\"18de4ff\" data-element_type=\"container\" data-e-type=\"container\">\n\t\t\t\t\t<div class=\"e-con-inner\">\n\t\t\t\t<div class=\"elementor-element elementor-element-c64d373 elementor-widget elementor-widget-spacer\" data-id=\"c64d373\" data-element_type=\"widget\" data-e-type=\"widget\" data-widget_type=\"spacer.default\">\n\t\t\t\t\t\t\t<div class=\"elementor-spacer\">\n\t\t\t<div class=\"elementor-spacer-inner\"><\/div>\n\t\t<\/div>\n\t\t\t\t\t\t<\/div>\n\t\t\t\t\t<\/div>\n\t\t\t\t<\/div>\n\t\t<div class=\"elementor-element elementor-element-3632d4d e-grid e-con-boxed e-con e-parent\" data-id=\"3632d4d\" data-element_type=\"container\" data-e-type=\"container\">\n\t\t\t\t\t<div class=\"e-con-inner\">\n\t\t\t\t<div class=\"elementor-element elementor-element-bd58817 elementor-position-top elementor-widget elementor-widget-image-box\" data-id=\"bd58817\" data-element_type=\"widget\" data-e-type=\"widget\" data-widget_type=\"image-box.default\">\n\t\t\t\t\t<div class=\"elementor-image-box-wrapper\"><figure class=\"elementor-image-box-img\"><a href=\"https:\/\/www.gayguidevallarta.com\/es\/info\/Restaurants\/listinfo_6.html\" target=\"_blank\" tabindex=\"-1\"><img loading=\"lazy\" decoding=\"async\" width=\"768\" height=\"473\" src=\"https:\/\/archieswok.com\/wp-content\/uploads\/2026\/04\/556231220_1375606997902580_4538964617191875549_n-e1775588958406-768x473.jpg\" class=\"attachment-medium_large size-medium_large wp-image-870\" alt=\"\" srcset=\"https:\/\/archieswok.com\/wp-content\/uploads\/2026\/04\/556231220_1375606997902580_4538964617191875549_n-e1775588958406-768x473.jpg 768w, https:\/\/archieswok.com\/wp-content\/uploads\/2026\/04\/556231220_1375606997902580_4538964617191875549_n-e1775588958406-300x185.jpg 300w, https:\/\/archieswok.com\/wp-content\/uploads\/2026\/04\/556231220_1375606997902580_4538964617191875549_n-e1775588958406-1024x630.jpg 1024w, https:\/\/archieswok.com\/wp-content\/uploads\/2026\/04\/556231220_1375606997902580_4538964617191875549_n-e1775588958406-1536x945.jpg 1536w, https:\/\/archieswok.com\/wp-content\/uploads\/2026\/04\/556231220_1375606997902580_4538964617191875549_n-e1775588958406-18x12.jpg 18w, https:\/\/archieswok.com\/wp-content\/uploads\/2026\/04\/556231220_1375606997902580_4538964617191875549_n-e1775588958406.jpg 2048w\" sizes=\"(max-width: 768px) 100vw, 768px\" \/><\/a><\/figure><div class=\"elementor-image-box-content\"><h3 class=\"elementor-image-box-title\"><a href=\"https:\/\/www.gayguidevallarta.com\/es\/info\/Restaurants\/listinfo_6.html\" target=\"_blank\">Archie's Wok<\/a><\/h3><p class=\"elementor-image-box-description\">Por m\u00e1s de 35 a\u00f1os, Archie\u00b4s Wok ha servido a los comensales de Vallarta una sabrosa variedad de cocina asi\u00e1tica\u2026<\/p><\/div><\/div>\t\t\t\t<\/div>\n\t\t\t\t<div class=\"elementor-element elementor-element-0f6271e elementor-position-top elementor-widget elementor-widget-image-box\" data-id=\"0f6271e\" data-element_type=\"widget\" data-e-type=\"widget\" data-widget_type=\"image-box.default\">\n\t\t\t\t\t<div class=\"elementor-image-box-wrapper\"><figure class=\"elementor-image-box-img\"><a href=\"https:\/\/mbmarcobeteta.com\/lugares\/archies-wok\/\" target=\"_blank\" tabindex=\"-1\"><img loading=\"lazy\" decoding=\"async\" width=\"800\" height=\"234\" src=\"https:\/\/archieswok.com\/wp-content\/uploads\/2026\/04\/logonuevorojo-2024-scaled-e1775588339732-1024x299.png\" class=\"attachment-large size-large wp-image-856\" alt=\"\" srcset=\"https:\/\/archieswok.com\/wp-content\/uploads\/2026\/04\/logonuevorojo-2024-scaled-e1775588339732-1024x299.png 1024w, https:\/\/archieswok.com\/wp-content\/uploads\/2026\/04\/logonuevorojo-2024-scaled-e1775588339732-300x88.png 300w, https:\/\/archieswok.com\/wp-content\/uploads\/2026\/04\/logonuevorojo-2024-scaled-e1775588339732-768x224.png 768w, https:\/\/archieswok.com\/wp-content\/uploads\/2026\/04\/logonuevorojo-2024-scaled-e1775588339732-1536x448.png 1536w, https:\/\/archieswok.com\/wp-content\/uploads\/2026\/04\/logonuevorojo-2024-scaled-e1775588339732-2048x598.png 2048w, https:\/\/archieswok.com\/wp-content\/uploads\/2026\/04\/logonuevorojo-2024-scaled-e1775588339732-18x5.png 18w\" sizes=\"(max-width: 800px) 100vw, 800px\" \/><\/a><\/figure><div class=\"elementor-image-box-content\"><h3 class=\"elementor-image-box-title\"><a href=\"https:\/\/mbmarcobeteta.com\/lugares\/archies-wok\/\" target=\"_blank\">Archie\u2019 s Wok<\/a><\/h3><p class=\"elementor-image-box-description\">Un cl\u00e1sico en Vallarta, de cocina asi\u00e1tica de fusi\u00f3n con sabrosa saz\u00f3n. Pida al centro para compartir...<\/p><\/div><\/div>\t\t\t\t<\/div>\n\t\t\t\t\t<\/div>\n\t\t\t\t<\/div>\n\t\t<div class=\"elementor-element elementor-element-d6c3f66 e-flex e-con-boxed e-con e-parent\" data-id=\"d6c3f66\" data-element_type=\"container\" data-e-type=\"container\">\n\t\t\t\t\t<div class=\"e-con-inner\">\n\t\t\t\t<div class=\"elementor-element elementor-element-860b3cc elementor-widget elementor-widget-spacer\" data-id=\"860b3cc\" data-element_type=\"widget\" data-e-type=\"widget\" data-widget_type=\"spacer.default\">\n\t\t\t\t\t\t\t<div class=\"elementor-spacer\">\n\t\t\t<div class=\"elementor-spacer-inner\"><\/div>\n\t\t<\/div>\n\t\t\t\t\t\t<\/div>\n\t\t\t\t\t<\/div>\n\t\t\t\t<\/div>\n\t\t\t\t<\/div>\n\t\t","protected":false},"excerpt":{"rendered":"<p>M\u00e1s de 40 a\u00f1os formando parte de la historia de Puerto Vallarta. Desde nuestros inicios, hemos sido parte de la evoluci\u00f3n gastron\u00f3mica de Puerto Vallarta. Como uno de los primeros restaurantes en abrir camino en la ciudad, nuestra historia \u2014que abarca m\u00e1s de 40 a\u00f1os\u2014 ha sido contada por medios que reconocen nuestra trayectoria, sabor [&hellip;]<\/p>\n","protected":false},"author":1,"featured_media":156,"parent":0,"menu_order":0,"comment_status":"closed","ping_status":"closed","template":"","meta":{"footnotes":""},"class_list":["post-226","page","type-page","status-publish","has-post-thumbnail","hentry"],"yoast_head":"<!-- This site is optimized with the Yoast SEO plugin v27.4 - https:\/\/yoast.com\/product\/yoast-seo-wordpress\/ -->\n<title>Prensa - Fusi\u00f3n Asiatica Archie&#039;s Wok en la Prensa | Restaurante en Puerto Vallarta<\/title>\n<meta name=\"description\" content=\"Descubre los reconocimientos y menciones en medios de Archie&#039;s Wok, un ic\u00f3nico restaurante de fusi\u00f3n asi\u00e1tica en Puerto Vallarta.\" \/>\n<meta name=\"robots\" content=\"index, follow, max-snippet:-1, max-image-preview:large, max-video-preview:-1\" \/>\n<link rel=\"canonical\" href=\"https:\/\/archieswok.com\/es\/prensa\/\" \/>\n<meta property=\"og:locale\" content=\"es_MX\" \/>\n<meta property=\"og:type\" content=\"article\" \/>\n<meta property=\"og:title\" content=\"Prensa - Fusi\u00f3n Asiatica Archie&#039;s Wok en la Prensa | Restaurante en Puerto Vallarta\" \/>\n<meta property=\"og:description\" content=\"Descubre los reconocimientos y menciones en medios de Archie&#039;s Wok, un ic\u00f3nico restaurante de fusi\u00f3n asi\u00e1tica en Puerto Vallarta.\" \/>\n<meta property=\"og:url\" content=\"https:\/\/archieswok.com\/es\/prensa\/\" \/>\n<meta property=\"og:site_name\" content=\"Fusi\u00f3n Asiatica\" \/>\n<meta property=\"article:publisher\" content=\"https:\/\/www.facebook.com\/archieswok\" \/>\n<meta property=\"article:modified_time\" content=\"2026-04-07T19:33:55+00:00\" \/>\n<meta property=\"og:image\" content=\"https:\/\/archieswok.com\/wp-content\/uploads\/2026\/02\/wok-archies-wok.jpg\" \/>\n\t<meta property=\"og:image:width\" content=\"1362\" \/>\n\t<meta property=\"og:image:height\" content=\"1698\" \/>\n\t<meta property=\"og:image:type\" content=\"image\/jpeg\" \/>\n<meta name=\"twitter:card\" content=\"summary_large_image\" \/>\n<meta name=\"twitter:label1\" content=\"Tiempo de lectura\" \/>\n\t<meta name=\"twitter:data1\" content=\"2 minutos\" \/>\n<script type=\"application\/ld+json\" class=\"yoast-schema-graph\">{\"@context\":\"https:\\\/\\\/schema.org\",\"@graph\":[{\"@type\":\"WebPage\",\"@id\":\"https:\\\/\\\/archieswok.com\\\/prensa\\\/\",\"url\":\"https:\\\/\\\/archieswok.com\\\/prensa\\\/\",\"name\":\"Prensa - Fusi\u00f3n Asiatica Archie's Wok en la Prensa | Restaurante en Puerto Vallarta\",\"isPartOf\":{\"@id\":\"https:\\\/\\\/archieswok.com\\\/#website\"},\"primaryImageOfPage\":{\"@id\":\"https:\\\/\\\/archieswok.com\\\/prensa\\\/#primaryimage\"},\"image\":{\"@id\":\"https:\\\/\\\/archieswok.com\\\/prensa\\\/#primaryimage\"},\"thumbnailUrl\":\"https:\\\/\\\/archieswok.com\\\/wp-content\\\/uploads\\\/2026\\\/02\\\/wok-archies-wok.jpg\",\"datePublished\":\"2026-02-13T01:05:20+00:00\",\"dateModified\":\"2026-04-07T19:33:55+00:00\",\"description\":\"Descubre los reconocimientos y menciones en medios de Archie's Wok, un ic\u00f3nico restaurante de fusi\u00f3n asi\u00e1tica en Puerto Vallarta.\",\"breadcrumb\":{\"@id\":\"https:\\\/\\\/archieswok.com\\\/prensa\\\/#breadcrumb\"},\"inLanguage\":\"es\",\"potentialAction\":[{\"@type\":\"ReadAction\",\"target\":[\"https:\\\/\\\/archieswok.com\\\/prensa\\\/\"]}]},{\"@type\":\"ImageObject\",\"inLanguage\":\"es\",\"@id\":\"https:\\\/\\\/archieswok.com\\\/prensa\\\/#primaryimage\",\"url\":\"https:\\\/\\\/archieswok.com\\\/wp-content\\\/uploads\\\/2026\\\/02\\\/wok-archies-wok.jpg\",\"contentUrl\":\"https:\\\/\\\/archieswok.com\\\/wp-content\\\/uploads\\\/2026\\\/02\\\/wok-archies-wok.jpg\",\"width\":1362,\"height\":1698},{\"@type\":\"BreadcrumbList\",\"@id\":\"https:\\\/\\\/archieswok.com\\\/prensa\\\/#breadcrumb\",\"itemListElement\":[{\"@type\":\"ListItem\",\"position\":1,\"name\":\"Portada\",\"item\":\"https:\\\/\\\/archieswok.com\\\/\"},{\"@type\":\"ListItem\",\"position\":2,\"name\":\"Prensa\"}]},{\"@type\":\"WebSite\",\"@id\":\"https:\\\/\\\/archieswok.com\\\/#website\",\"url\":\"https:\\\/\\\/archieswok.com\\\/\",\"name\":\"Archie's Wok\",\"description\":\"Todos los derechos reservados\",\"publisher\":{\"@id\":\"https:\\\/\\\/archieswok.com\\\/#organization\"},\"potentialAction\":[{\"@type\":\"SearchAction\",\"target\":{\"@type\":\"EntryPoint\",\"urlTemplate\":\"https:\\\/\\\/archieswok.com\\\/?s={search_term_string}\"},\"query-input\":{\"@type\":\"PropertyValueSpecification\",\"valueRequired\":true,\"valueName\":\"search_term_string\"}}],\"inLanguage\":\"es\"},{\"@type\":\"Organization\",\"@id\":\"https:\\\/\\\/archieswok.com\\\/#organization\",\"name\":\"Archie's Wok\",\"url\":\"https:\\\/\\\/archieswok.com\\\/\",\"logo\":{\"@type\":\"ImageObject\",\"inLanguage\":\"es\",\"@id\":\"https:\\\/\\\/archieswok.com\\\/#\\\/schema\\\/logo\\\/image\\\/\",\"url\":\"https:\\\/\\\/archieswok.com\\\/wp-content\\\/uploads\\\/2026\\\/02\\\/logo.png\",\"contentUrl\":\"https:\\\/\\\/archieswok.com\\\/wp-content\\\/uploads\\\/2026\\\/02\\\/logo.png\",\"width\":300,\"height\":300,\"caption\":\"Archie's Wok\"},\"image\":{\"@id\":\"https:\\\/\\\/archieswok.com\\\/#\\\/schema\\\/logo\\\/image\\\/\"},\"sameAs\":[\"https:\\\/\\\/www.facebook.com\\\/archieswok\",\"https:\\\/\\\/www.tripadvisor.com\\\/Restaurant_Review-g150793-d1031963-Reviews-Archie_s_Wok-Puerto_Vallarta.html\",\"https:\\\/\\\/www.instagram.com\\\/archies_wok\"]}]}<\/script>\n<!-- \/ Yoast SEO plugin. -->","yoast_head_json":{"title":"Prensa - Fusi\u00f3n Asiatica Archie's Wok en la Prensa | Restaurante en Puerto Vallarta","description":"Descubre los reconocimientos y menciones en medios de Archie's Wok, un ic\u00f3nico restaurante de fusi\u00f3n asi\u00e1tica en Puerto Vallarta.","robots":{"index":"index","follow":"follow","max-snippet":"max-snippet:-1","max-image-preview":"max-image-preview:large","max-video-preview":"max-video-preview:-1"},"canonical":"https:\/\/archieswok.com\/es\/prensa\/","og_locale":"es_MX","og_type":"article","og_title":"Prensa - Fusi\u00f3n Asiatica Archie's Wok en la Prensa | Restaurante en Puerto Vallarta","og_description":"Descubre los reconocimientos y menciones en medios de Archie's Wok, un ic\u00f3nico restaurante de fusi\u00f3n asi\u00e1tica en Puerto Vallarta.","og_url":"https:\/\/archieswok.com\/es\/prensa\/","og_site_name":"Fusi\u00f3n Asiatica","article_publisher":"https:\/\/www.facebook.com\/archieswok","article_modified_time":"2026-04-07T19:33:55+00:00","og_image":[{"width":1362,"height":1698,"url":"https:\/\/archieswok.com\/wp-content\/uploads\/2026\/02\/wok-archies-wok.jpg","type":"image\/jpeg"}],"twitter_card":"summary_large_image","twitter_misc":{"Tiempo de lectura":"2 minutos"},"schema":{"@context":"https:\/\/schema.org","@graph":[{"@type":"WebPage","@id":"https:\/\/archieswok.com\/prensa\/","url":"https:\/\/archieswok.com\/prensa\/","name":"Prensa - Fusi\u00f3n Asiatica Archie's Wok en la Prensa | Restaurante en Puerto Vallarta","isPartOf":{"@id":"https:\/\/archieswok.com\/#website"},"primaryImageOfPage":{"@id":"https:\/\/archieswok.com\/prensa\/#primaryimage"},"image":{"@id":"https:\/\/archieswok.com\/prensa\/#primaryimage"},"thumbnailUrl":"https:\/\/archieswok.com\/wp-content\/uploads\/2026\/02\/wok-archies-wok.jpg","datePublished":"2026-02-13T01:05:20+00:00","dateModified":"2026-04-07T19:33:55+00:00","description":"Descubre los reconocimientos y menciones en medios de Archie's Wok, un ic\u00f3nico restaurante de fusi\u00f3n asi\u00e1tica en Puerto Vallarta.","breadcrumb":{"@id":"https:\/\/archieswok.com\/prensa\/#breadcrumb"},"inLanguage":"es","potentialAction":[{"@type":"ReadAction","target":["https:\/\/archieswok.com\/prensa\/"]}]},{"@type":"ImageObject","inLanguage":"es","@id":"https:\/\/archieswok.com\/prensa\/#primaryimage","url":"https:\/\/archieswok.com\/wp-content\/uploads\/2026\/02\/wok-archies-wok.jpg","contentUrl":"https:\/\/archieswok.com\/wp-content\/uploads\/2026\/02\/wok-archies-wok.jpg","width":1362,"height":1698},{"@type":"BreadcrumbList","@id":"https:\/\/archieswok.com\/prensa\/#breadcrumb","itemListElement":[{"@type":"ListItem","position":1,"name":"Portada","item":"https:\/\/archieswok.com\/"},{"@type":"ListItem","position":2,"name":"Prensa"}]},{"@type":"WebSite","@id":"https:\/\/archieswok.com\/#website","url":"https:\/\/archieswok.com\/","name":"Archie's Wok","description":"Todos los derechos reservados","publisher":{"@id":"https:\/\/archieswok.com\/#organization"},"potentialAction":[{"@type":"SearchAction","target":{"@type":"EntryPoint","urlTemplate":"https:\/\/archieswok.com\/?s={search_term_string}"},"query-input":{"@type":"PropertyValueSpecification","valueRequired":true,"valueName":"search_term_string"}}],"inLanguage":"es"},{"@type":"Organization","@id":"https:\/\/archieswok.com\/#organization","name":"Archie's Wok","url":"https:\/\/archieswok.com\/","logo":{"@type":"ImageObject","inLanguage":"es","@id":"https:\/\/archieswok.com\/#\/schema\/logo\/image\/","url":"https:\/\/archieswok.com\/wp-content\/uploads\/2026\/02\/logo.png","contentUrl":"https:\/\/archieswok.com\/wp-content\/uploads\/2026\/02\/logo.png","width":300,"height":300,"caption":"Archie's Wok"},"image":{"@id":"https:\/\/archieswok.com\/#\/schema\/logo\/image\/"},"sameAs":["https:\/\/www.facebook.com\/archieswok","https:\/\/www.tripadvisor.com\/Restaurant_Review-g150793-d1031963-Reviews-Archie_s_Wok-Puerto_Vallarta.html","https:\/\/www.instagram.com\/archies_wok"]}]}},"_links":{"self":[{"href":"https:\/\/archieswok.com\/es\/wp-json\/wp\/v2\/pages\/226","targetHints":{"allow":["GET"]}}],"collection":[{"href":"https:\/\/archieswok.com\/es\/wp-json\/wp\/v2\/pages"}],"about":[{"href":"https:\/\/archieswok.com\/es\/wp-json\/wp\/v2\/types\/page"}],"author":[{"embeddable":true,"href":"https:\/\/archieswok.com\/es\/wp-json\/wp\/v2\/users\/1"}],"replies":[{"embeddable":true,"href":"https:\/\/archieswok.com\/es\/wp-json\/wp\/v2\/comments?post=226"}],"version-history":[{"count":82,"href":"https:\/\/archieswok.com\/es\/wp-json\/wp\/v2\/pages\/226\/revisions"}],"predecessor-version":[{"id":912,"href":"https:\/\/archieswok.com\/es\/wp-json\/wp\/v2\/pages\/226\/revisions\/912"}],"wp:featuredmedia":[{"embeddable":true,"href":"https:\/\/archieswok.com\/es\/wp-json\/wp\/v2\/media\/156"}],"wp:attachment":[{"href":"https:\/\/archieswok.com\/es\/wp-json\/wp\/v2\/media?parent=226"}],"curies":[{"name":"wp","href":"https:\/\/api.w.org\/{rel}","templated":true}]}}