{"id":228,"date":"2026-02-13T01:07:16","date_gmt":"2026-02-13T01:07:16","guid":{"rendered":"https:\/\/archieswok.com\/?page_id=228"},"modified":"2026-04-08T22:43:36","modified_gmt":"2026-04-08T22:43:36","slug":"blog","status":"publish","type":"page","link":"https:\/\/archieswok.com\/es\/blog\/","title":{"rendered":"Blog"},"content":{"rendered":"\t\t<div data-elementor-type=\"wp-page\" data-elementor-id=\"228\" class=\"elementor elementor-228\" data-elementor-post-type=\"page\">\n\t\t\t\t<div class=\"elementor-element elementor-element-2809fda4 e-flex e-con-boxed e-con e-parent\" data-id=\"2809fda4\" data-element_type=\"container\" data-e-type=\"container\" data-settings=\"{&quot;background_background&quot;:&quot;classic&quot;}\">\n\t\t\t\t\t<div class=\"e-con-inner\">\n\t\t\t\t<div class=\"elementor-element elementor-element-25928cc2 elementor-widget elementor-widget-elementskit-heading\" data-id=\"25928cc2\" data-element_type=\"widget\" data-e-type=\"widget\" data-widget_type=\"elementskit-heading.default\">\n\t\t\t\t\t<div class=\"ekit-wid-con\" ><div class=\"ekit-heading elementskit-section-title-wraper center   ekit_heading_tablet-   ekit_heading_mobile-\"><h2 class=\"ekit-heading--title elementskit-section-title \">Historias, Sabores y Tradici\u00f3n Asi\u00e1tica en Puerto Vallarta<\/h2><div class=\"ekit_heading_separetor_wraper ekit_heading_elementskit-border-divider ekit-dotted\"><div class=\"elementskit-border-divider ekit-dotted\"><\/div><\/div>\t\t\t\t<div class='ekit-heading__description'>\n\t\t\t\t\t<p><strong>Historias que dieron vida a Archie's Wok<\/strong><\/p>\n\t\t\t\t<\/div>\n\t\t\t<\/div><\/div>\t\t\t\t<\/div>\n\t\t\t\t<div class=\"elementor-element elementor-element-4f39717b elementor-widget__width-inherit elementor-widget elementor-widget-elementskit-blog-posts\" data-id=\"4f39717b\" data-element_type=\"widget\" data-e-type=\"widget\" data-widget_type=\"elementskit-blog-posts.default\">\n\t\t\t\t\t<div class=\"ekit-wid-con\" >        <div id=\"post-items--4f39717b\" class=\"row post-items\">\n                    <div class=\"col-md-12\">\n\n                                    <div class=\"elementskit-blog-block-post\">\n                        <div class=\"row no-gutters\">\n                                                            <div class=\"col-md-6 order-1\">\n                                    <a href=\"https:\/\/archieswok.com\/es\/recordando-a-archie\/\" class=\"elementskit-entry-thumb\">\n                                        <img decoding=\"async\" src=\"https:\/\/archieswok.com\/wp-content\/uploads\/2026\/02\/PHOTO-2023-10-05-21-43-36-1024x691.jpg\" alt=\"Recordando a Archie\">\n                                    <\/a><!-- .elementskit-entry-thumb END -->\n                                <\/div>\n                            \n                            <div class=\"col-md-6 order-2\">\n                                <div class=\"elementskit-post-body \">\n                                    <div class=\"elementskit-entry-header\">\n                                        \n                                                                                            \t\t\t\t\t\t\t\t\t\t\t<div class=\"post-meta-list\">\n\t\t\t\t\t\t\t\t\t\t\t\t\t\t\t\t\t\t\t\t\t\t\t\t\t\t\t\t\t\t\t\t<span class=\"meta-date\">\n\t\t\t\t\t\t\t\t\t\t<i aria-hidden=\"true\" class=\"icon icon-calendar3\"><\/i>\t\t\t\t\t\t\t\t\t\t<span class=\"meta-date-text\">\n\t\t\t\t\t\t\t\t\t\t\t04\/07\/2026\t\t\t\t\t\t\t\t\t\t<\/span>\n\t\t\t\t\t\t\t\t\t<\/span>\n\t\t\t\t\t\t\t\t\t\t\t\t\t\t\t\t\t\t\t\t\t\t\t\t\t\t\t\t\t\t\t\t\t\t\t\t\t\t\t\t\t\t\t\t\t\t\t\t\t\t\t\t\t\t\t\t\t\t\t\t\t\t\t\t<span class=\"post-cat\">\n\t\t\t\t\t\t\t\t\t\t<i aria-hidden=\"true\" class=\"icon icon-folder\"><\/i>\t\t\t\t\t\t\t\t\t\t<a href=\"https:\/\/archieswok.com\/es\/category\/historia-de-archies-wok\/\" rel=\"category tag\">Historia de Archie's Wok<\/a> | <a href=\"https:\/\/archieswok.com\/es\/category\/john-huston\/\" rel=\"category tag\">John Huston<\/a> | <a href=\"https:\/\/archieswok.com\/es\/category\/puerto-vallarta\/\" rel=\"category tag\">Puerto Vallarta<\/a>\t\t\t\t\t\t\t\t\t<\/span>\n\t\t\t\t\t\t\t\t\t\t\t\t\t\t\t\t\t\t\t\t\t\t\t\t\t\t\t\t\t<\/div>\n\t\t\t\t\t                                            \n                                            \n                                                                                            \t\t\t\t<h2 class=\"entry-title\">\n\t\t\t\t\t<a href=\"https:\/\/archieswok.com\/es\/recordando-a-archie\/\">\n\t\t\t\t\t\tRecordando a Archie\t\t\t\t\t<\/a>\n\t\t\t\t<\/h2>\n\t\t\t                                                                                <\/div><!-- .elementskit-entry-header END -->\n\n                                                                            <div class=\"elementskit-post-footer\">\n                                                                                            <p>Archie Alpenia y John Huston (Quimixto) en 1984 Recordando a Archie Aun lo puedo ver ah\u00ed, un hombre Asi\u00e1tico, sereno y solitario caminando las playas del Mar de Cortez con su ca\u00f1a de pescar en una mano y su wok en la otra. Mi esposo estaba viviendo su sue\u00f1o. Meses&hellip;<\/p>\n                                                                                                                                <\/div><!-- .elementskit-post-footer END -->\n                                                                    <\/div><!-- .elementskit-post-body END -->\n                            <\/div>\n                        <\/div>\n                    <\/div><!-- .elementskit-blog-block-post .radius .gradient-bg END -->\n                \n            <\/div>\n                <\/div>\n       <\/div>\t\t\t\t<\/div>\n\t\t\t\t\t<\/div>\n\t\t\t\t<\/div>\n\t\t<div class=\"elementor-element elementor-element-b7253a4 e-flex e-con-boxed e-con e-parent\" data-id=\"b7253a4\" data-element_type=\"container\" data-e-type=\"container\">\n\t\t\t\t\t<div class=\"e-con-inner\">\n\t\t\t\t<div class=\"elementor-element elementor-element-228583b elementor-widget elementor-widget-spacer\" data-id=\"228583b\" data-element_type=\"widget\" data-e-type=\"widget\" data-widget_type=\"spacer.default\">\n\t\t\t\t\t\t\t<div class=\"elementor-spacer\">\n\t\t\t<div class=\"elementor-spacer-inner\"><\/div>\n\t\t<\/div>\n\t\t\t\t\t\t<\/div>\n\t\t\t\t\t<\/div>\n\t\t\t\t<\/div>\n\t\t\t\t<\/div>\n\t\t","protected":false},"excerpt":{"rendered":"<p>Historias, Sabores y Tradici\u00f3n Asi\u00e1tica en Puerto Vallarta Historias que dieron vida a Archie&#8217;s Wok 04\/07\/2026 Historia de Archie&#8217;s Wok | John Huston | Puerto Vallarta Recordando a Archie Archie Alpenia y John Huston (Quimixto) en 1984 Recordando a Archie Aun lo puedo ver ah\u00ed, un hombre Asi\u00e1tico, sereno y solitario caminando las playas del [&hellip;]<\/p>\n","protected":false},"author":1,"featured_media":144,"parent":0,"menu_order":0,"comment_status":"closed","ping_status":"closed","template":"","meta":{"footnotes":""},"class_list":["post-228","page","type-page","status-publish","has-post-thumbnail","hentry"],"yoast_head":"<!-- This site is optimized with the Yoast SEO plugin v27.4 - https:\/\/yoast.com\/product\/yoast-seo-wordpress\/ -->\n<title>Blog - Fusi\u00f3n Asiatica Blog | Archie&#039;s Wok Puerto Vallarta<\/title>\n<meta name=\"description\" content=\"Explora el blog de Archie&#039;s Wok y descubre la historia, sabores y cultura de la cocina asi\u00e1tica en Puerto Vallarta.\" \/>\n<meta name=\"robots\" content=\"index, follow, max-snippet:-1, max-image-preview:large, max-video-preview:-1\" \/>\n<link rel=\"canonical\" href=\"https:\/\/archieswok.com\/es\/blog\/\" \/>\n<meta property=\"og:locale\" content=\"es_MX\" \/>\n<meta property=\"og:type\" content=\"article\" \/>\n<meta property=\"og:title\" content=\"Blog - Fusi\u00f3n Asiatica Blog | Archie&#039;s Wok Puerto Vallarta\" \/>\n<meta property=\"og:description\" content=\"Explora el blog de Archie&#039;s Wok y descubre la historia, sabores y cultura de la cocina asi\u00e1tica en Puerto Vallarta.\" \/>\n<meta property=\"og:url\" content=\"https:\/\/archieswok.com\/es\/blog\/\" \/>\n<meta property=\"og:site_name\" content=\"Fusi\u00f3n Asiatica\" \/>\n<meta property=\"article:publisher\" content=\"https:\/\/www.facebook.com\/archieswok\" \/>\n<meta property=\"article:modified_time\" content=\"2026-04-08T22:43:36+00:00\" \/>\n<meta property=\"og:image\" content=\"https:\/\/archieswok.com\/wp-content\/uploads\/2026\/02\/kioky-archies-wok.jpg\" \/>\n\t<meta property=\"og:image:width\" content=\"1440\" \/>\n\t<meta property=\"og:image:height\" content=\"961\" \/>\n\t<meta property=\"og:image:type\" content=\"image\/jpeg\" \/>\n<meta name=\"twitter:card\" content=\"summary_large_image\" \/>\n<meta name=\"twitter:label1\" content=\"Tiempo de lectura\" \/>\n\t<meta name=\"twitter:data1\" content=\"1 minuto\" \/>\n<script type=\"application\/ld+json\" class=\"yoast-schema-graph\">{\"@context\":\"https:\\\/\\\/schema.org\",\"@graph\":[{\"@type\":\"WebPage\",\"@id\":\"https:\\\/\\\/archieswok.com\\\/blog\\\/\",\"url\":\"https:\\\/\\\/archieswok.com\\\/blog\\\/\",\"name\":\"Blog - Fusi\u00f3n Asiatica Blog | Archie's Wok Puerto Vallarta\",\"isPartOf\":{\"@id\":\"https:\\\/\\\/archieswok.com\\\/#website\"},\"primaryImageOfPage\":{\"@id\":\"https:\\\/\\\/archieswok.com\\\/blog\\\/#primaryimage\"},\"image\":{\"@id\":\"https:\\\/\\\/archieswok.com\\\/blog\\\/#primaryimage\"},\"thumbnailUrl\":\"https:\\\/\\\/archieswok.com\\\/wp-content\\\/uploads\\\/2026\\\/02\\\/kioky-archies-wok.jpg\",\"datePublished\":\"2026-02-13T01:07:16+00:00\",\"dateModified\":\"2026-04-08T22:43:36+00:00\",\"description\":\"Explora el blog de Archie's Wok y descubre la historia, sabores y cultura de la cocina asi\u00e1tica en Puerto Vallarta.\",\"breadcrumb\":{\"@id\":\"https:\\\/\\\/archieswok.com\\\/blog\\\/#breadcrumb\"},\"inLanguage\":\"es\",\"potentialAction\":[{\"@type\":\"ReadAction\",\"target\":[\"https:\\\/\\\/archieswok.com\\\/blog\\\/\"]}]},{\"@type\":\"ImageObject\",\"inLanguage\":\"es\",\"@id\":\"https:\\\/\\\/archieswok.com\\\/blog\\\/#primaryimage\",\"url\":\"https:\\\/\\\/archieswok.com\\\/wp-content\\\/uploads\\\/2026\\\/02\\\/kioky-archies-wok.jpg\",\"contentUrl\":\"https:\\\/\\\/archieswok.com\\\/wp-content\\\/uploads\\\/2026\\\/02\\\/kioky-archies-wok.jpg\",\"width\":1440,\"height\":961},{\"@type\":\"BreadcrumbList\",\"@id\":\"https:\\\/\\\/archieswok.com\\\/blog\\\/#breadcrumb\",\"itemListElement\":[{\"@type\":\"ListItem\",\"position\":1,\"name\":\"Portada\",\"item\":\"https:\\\/\\\/archieswok.com\\\/\"},{\"@type\":\"ListItem\",\"position\":2,\"name\":\"Blog\"}]},{\"@type\":\"WebSite\",\"@id\":\"https:\\\/\\\/archieswok.com\\\/#website\",\"url\":\"https:\\\/\\\/archieswok.com\\\/\",\"name\":\"Archie's Wok\",\"description\":\"Todos los derechos reservados\",\"publisher\":{\"@id\":\"https:\\\/\\\/archieswok.com\\\/#organization\"},\"potentialAction\":[{\"@type\":\"SearchAction\",\"target\":{\"@type\":\"EntryPoint\",\"urlTemplate\":\"https:\\\/\\\/archieswok.com\\\/?s={search_term_string}\"},\"query-input\":{\"@type\":\"PropertyValueSpecification\",\"valueRequired\":true,\"valueName\":\"search_term_string\"}}],\"inLanguage\":\"es\"},{\"@type\":\"Organization\",\"@id\":\"https:\\\/\\\/archieswok.com\\\/#organization\",\"name\":\"Archie's Wok\",\"url\":\"https:\\\/\\\/archieswok.com\\\/\",\"logo\":{\"@type\":\"ImageObject\",\"inLanguage\":\"es\",\"@id\":\"https:\\\/\\\/archieswok.com\\\/#\\\/schema\\\/logo\\\/image\\\/\",\"url\":\"https:\\\/\\\/archieswok.com\\\/wp-content\\\/uploads\\\/2026\\\/02\\\/logo.png\",\"contentUrl\":\"https:\\\/\\\/archieswok.com\\\/wp-content\\\/uploads\\\/2026\\\/02\\\/logo.png\",\"width\":300,\"height\":300,\"caption\":\"Archie's Wok\"},\"image\":{\"@id\":\"https:\\\/\\\/archieswok.com\\\/#\\\/schema\\\/logo\\\/image\\\/\"},\"sameAs\":[\"https:\\\/\\\/www.facebook.com\\\/archieswok\",\"https:\\\/\\\/www.tripadvisor.com\\\/Restaurant_Review-g150793-d1031963-Reviews-Archie_s_Wok-Puerto_Vallarta.html\",\"https:\\\/\\\/www.instagram.com\\\/archies_wok\"]}]}<\/script>\n<!-- \/ Yoast SEO plugin. -->","yoast_head_json":{"title":"Blog - Fusi\u00f3n Asiatica Blog | Archie's Wok Puerto Vallarta","description":"Explora el blog de Archie's Wok y descubre la historia, sabores y cultura de la cocina asi\u00e1tica en Puerto Vallarta.","robots":{"index":"index","follow":"follow","max-snippet":"max-snippet:-1","max-image-preview":"max-image-preview:large","max-video-preview":"max-video-preview:-1"},"canonical":"https:\/\/archieswok.com\/es\/blog\/","og_locale":"es_MX","og_type":"article","og_title":"Blog - Fusi\u00f3n Asiatica Blog | Archie's Wok Puerto Vallarta","og_description":"Explora el blog de Archie's Wok y descubre la historia, sabores y cultura de la cocina asi\u00e1tica en Puerto Vallarta.","og_url":"https:\/\/archieswok.com\/es\/blog\/","og_site_name":"Fusi\u00f3n Asiatica","article_publisher":"https:\/\/www.facebook.com\/archieswok","article_modified_time":"2026-04-08T22:43:36+00:00","og_image":[{"width":1440,"height":961,"url":"https:\/\/archieswok.com\/wp-content\/uploads\/2026\/02\/kioky-archies-wok.jpg","type":"image\/jpeg"}],"twitter_card":"summary_large_image","twitter_misc":{"Tiempo de lectura":"1 minuto"},"schema":{"@context":"https:\/\/schema.org","@graph":[{"@type":"WebPage","@id":"https:\/\/archieswok.com\/blog\/","url":"https:\/\/archieswok.com\/blog\/","name":"Blog - Fusi\u00f3n Asiatica Blog | Archie's Wok Puerto Vallarta","isPartOf":{"@id":"https:\/\/archieswok.com\/#website"},"primaryImageOfPage":{"@id":"https:\/\/archieswok.com\/blog\/#primaryimage"},"image":{"@id":"https:\/\/archieswok.com\/blog\/#primaryimage"},"thumbnailUrl":"https:\/\/archieswok.com\/wp-content\/uploads\/2026\/02\/kioky-archies-wok.jpg","datePublished":"2026-02-13T01:07:16+00:00","dateModified":"2026-04-08T22:43:36+00:00","description":"Explora el blog de Archie's Wok y descubre la historia, sabores y cultura de la cocina asi\u00e1tica en Puerto Vallarta.","breadcrumb":{"@id":"https:\/\/archieswok.com\/blog\/#breadcrumb"},"inLanguage":"es","potentialAction":[{"@type":"ReadAction","target":["https:\/\/archieswok.com\/blog\/"]}]},{"@type":"ImageObject","inLanguage":"es","@id":"https:\/\/archieswok.com\/blog\/#primaryimage","url":"https:\/\/archieswok.com\/wp-content\/uploads\/2026\/02\/kioky-archies-wok.jpg","contentUrl":"https:\/\/archieswok.com\/wp-content\/uploads\/2026\/02\/kioky-archies-wok.jpg","width":1440,"height":961},{"@type":"BreadcrumbList","@id":"https:\/\/archieswok.com\/blog\/#breadcrumb","itemListElement":[{"@type":"ListItem","position":1,"name":"Portada","item":"https:\/\/archieswok.com\/"},{"@type":"ListItem","position":2,"name":"Blog"}]},{"@type":"WebSite","@id":"https:\/\/archieswok.com\/#website","url":"https:\/\/archieswok.com\/","name":"Archie's Wok","description":"Todos los derechos reservados","publisher":{"@id":"https:\/\/archieswok.com\/#organization"},"potentialAction":[{"@type":"SearchAction","target":{"@type":"EntryPoint","urlTemplate":"https:\/\/archieswok.com\/?s={search_term_string}"},"query-input":{"@type":"PropertyValueSpecification","valueRequired":true,"valueName":"search_term_string"}}],"inLanguage":"es"},{"@type":"Organization","@id":"https:\/\/archieswok.com\/#organization","name":"Archie's Wok","url":"https:\/\/archieswok.com\/","logo":{"@type":"ImageObject","inLanguage":"es","@id":"https:\/\/archieswok.com\/#\/schema\/logo\/image\/","url":"https:\/\/archieswok.com\/wp-content\/uploads\/2026\/02\/logo.png","contentUrl":"https:\/\/archieswok.com\/wp-content\/uploads\/2026\/02\/logo.png","width":300,"height":300,"caption":"Archie's Wok"},"image":{"@id":"https:\/\/archieswok.com\/#\/schema\/logo\/image\/"},"sameAs":["https:\/\/www.facebook.com\/archieswok","https:\/\/www.tripadvisor.com\/Restaurant_Review-g150793-d1031963-Reviews-Archie_s_Wok-Puerto_Vallarta.html","https:\/\/www.instagram.com\/archies_wok"]}]}},"_links":{"self":[{"href":"https:\/\/archieswok.com\/es\/wp-json\/wp\/v2\/pages\/228","targetHints":{"allow":["GET"]}}],"collection":[{"href":"https:\/\/archieswok.com\/es\/wp-json\/wp\/v2\/pages"}],"about":[{"href":"https:\/\/archieswok.com\/es\/wp-json\/wp\/v2\/types\/page"}],"author":[{"embeddable":true,"href":"https:\/\/archieswok.com\/es\/wp-json\/wp\/v2\/users\/1"}],"replies":[{"embeddable":true,"href":"https:\/\/archieswok.com\/es\/wp-json\/wp\/v2\/comments?post=228"}],"version-history":[{"count":16,"href":"https:\/\/archieswok.com\/es\/wp-json\/wp\/v2\/pages\/228\/revisions"}],"predecessor-version":[{"id":1061,"href":"https:\/\/archieswok.com\/es\/wp-json\/wp\/v2\/pages\/228\/revisions\/1061"}],"wp:featuredmedia":[{"embeddable":true,"href":"https:\/\/archieswok.com\/es\/wp-json\/wp\/v2\/media\/144"}],"wp:attachment":[{"href":"https:\/\/archieswok.com\/es\/wp-json\/wp\/v2\/media?parent=228"}],"curies":[{"name":"wp","href":"https:\/\/api.w.org\/{rel}","templated":true}]}}