{"id":234,"date":"2026-02-13T01:12:21","date_gmt":"2026-02-13T01:12:21","guid":{"rendered":"https:\/\/archieswok.com\/?page_id=234"},"modified":"2026-04-07T20:31:44","modified_gmt":"2026-04-07T20:31:44","slug":"locacion","status":"publish","type":"page","link":"https:\/\/archieswok.com\/es\/locacion\/","title":{"rendered":"Locaci\u00f3n"},"content":{"rendered":"\t\t<div data-elementor-type=\"wp-page\" data-elementor-id=\"234\" class=\"elementor elementor-234\" data-elementor-post-type=\"page\">\n\t\t\t\t<div class=\"elementor-element elementor-element-3daa1e83 e-con-full e-flex e-con e-parent\" data-id=\"3daa1e83\" data-element_type=\"container\" data-e-type=\"container\">\n\t\t<div class=\"elementor-element elementor-element-2bbb786f e-con-full e-flex e-con e-child\" data-id=\"2bbb786f\" data-element_type=\"container\" data-e-type=\"container\" data-settings=\"{&quot;background_background&quot;:&quot;classic&quot;}\">\n\t\t<div class=\"elementor-element elementor-element-3e858c56 e-flex e-con-boxed e-con e-child\" data-id=\"3e858c56\" data-element_type=\"container\" data-e-type=\"container\">\n\t\t\t\t\t<div class=\"e-con-inner\">\n\t\t\t\t<div class=\"elementor-element elementor-element-32b5c362 elementor-widget elementor-widget-heading\" data-id=\"32b5c362\" data-element_type=\"widget\" data-e-type=\"widget\" data-widget_type=\"heading.default\">\n\t\t\t\t\t<h1 class=\"elementor-heading-title elementor-size-default\">Cont\u00e1ctanos<\/h1>\t\t\t\t<\/div>\n\t\t\t\t<div class=\"elementor-element elementor-element-3324c164 elementor-widget elementor-widget-text-editor\" data-id=\"3324c164\" data-element_type=\"widget\" data-e-type=\"widget\" data-widget_type=\"text-editor.default\">\n\t\t\t\t\t\t\t\t\t<p>Nos encantar\u00eda hablar contigo.<br \/>No dudes en ponerte en contacto con nosotros utilizando los datos que figuran a continuaci\u00f3n.<\/p>\t\t\t\t\t\t\t\t<\/div>\n\t\t\t\t\t<\/div>\n\t\t\t\t<\/div>\n\t\t<div class=\"elementor-element elementor-element-6e56e6c6 e-flex e-con-boxed e-con e-child\" data-id=\"6e56e6c6\" data-element_type=\"container\" data-e-type=\"container\">\n\t\t\t\t\t<div class=\"e-con-inner\">\n\t\t<div class=\"elementor-element elementor-element-35eef5fa e-flex e-con-boxed e-con e-child\" data-id=\"35eef5fa\" data-element_type=\"container\" data-e-type=\"container\">\n\t\t\t\t\t<div class=\"e-con-inner\">\n\t\t\t\t<div class=\"elementor-element elementor-element-5cddf8d7 elementor-widget elementor-widget-heading\" data-id=\"5cddf8d7\" data-element_type=\"widget\" data-e-type=\"widget\" data-widget_type=\"heading.default\">\n\t\t\t\t\t<h4 class=\"elementor-heading-title elementor-size-default\">Nuestros Datos<\/h4>\t\t\t\t<\/div>\n\t\t\t\t<div class=\"elementor-element elementor-element-3e8c93fb elementor-align-start elementor-icon-list--layout-traditional elementor-list-item-link-full_width elementor-widget elementor-widget-icon-list\" data-id=\"3e8c93fb\" data-element_type=\"widget\" data-e-type=\"widget\" data-widget_type=\"icon-list.default\">\n\t\t\t\t\t\t\t<ul class=\"elementor-icon-list-items\">\n\t\t\t\t\t\t\t<li class=\"elementor-icon-list-item\">\n\t\t\t\t\t\t\t\t\t\t\t<a href=\"tel:3222220411\">\n\n\t\t\t\t\t\t\t\t\t\t\t\t<span class=\"elementor-icon-list-icon\">\n\t\t\t\t\t\t\t<i aria-hidden=\"true\" class=\"icon icon-phone1\"><\/i>\t\t\t\t\t\t<\/span>\n\t\t\t\t\t\t\t\t\t\t<span class=\"elementor-icon-list-text\">322 222 0411<\/span>\n\t\t\t\t\t\t\t\t\t\t\t<\/a>\n\t\t\t\t\t\t\t\t\t<\/li>\n\t\t\t\t\t\t\t\t<li class=\"elementor-icon-list-item\">\n\t\t\t\t\t\t\t\t\t\t\t<span class=\"elementor-icon-list-icon\">\n\t\t\t\t\t\t\t<i aria-hidden=\"true\" class=\"icon icon-mail\"><\/i>\t\t\t\t\t\t<\/span>\n\t\t\t\t\t\t\t\t\t\t<span class=\"elementor-icon-list-text\">info@archieswok.com<\/span>\n\t\t\t\t\t\t\t\t\t<\/li>\n\t\t\t\t\t\t<\/ul>\n\t\t\t\t\t\t<\/div>\n\t\t\t\t\t<\/div>\n\t\t\t\t<\/div>\n\t\t<div class=\"elementor-element elementor-element-29a125d2 e-flex e-con-boxed e-con e-child\" data-id=\"29a125d2\" data-element_type=\"container\" data-e-type=\"container\">\n\t\t\t\t\t<div class=\"e-con-inner\">\n\t\t\t\t<div class=\"elementor-element elementor-element-26f290f6 elementor-widget elementor-widget-heading\" data-id=\"26f290f6\" data-element_type=\"widget\" data-e-type=\"widget\" data-widget_type=\"heading.default\">\n\t\t\t\t\t<h4 class=\"elementor-heading-title elementor-size-default\">Horario<\/h4>\t\t\t\t<\/div>\n\t\t\t\t<div class=\"elementor-element elementor-element-279bcff8 elementor-align-start elementor-icon-list--layout-traditional elementor-list-item-link-full_width elementor-widget elementor-widget-icon-list\" data-id=\"279bcff8\" data-element_type=\"widget\" data-e-type=\"widget\" data-widget_type=\"icon-list.default\">\n\t\t\t\t\t\t\t<ul class=\"elementor-icon-list-items\">\n\t\t\t\t\t\t\t<li class=\"elementor-icon-list-item\">\n\t\t\t\t\t\t\t\t\t\t\t<span class=\"elementor-icon-list-icon\">\n\t\t\t\t\t\t\t<i aria-hidden=\"true\" class=\"icon icon-clock2\"><\/i>\t\t\t\t\t\t<\/span>\n\t\t\t\t\t\t\t\t\t\t<span class=\"elementor-icon-list-text\">Lunes a S\u00e1bado 2:00PM - 9:00PM<\/span>\n\t\t\t\t\t\t\t\t\t<\/li>\n\t\t\t\t\t\t<\/ul>\n\t\t\t\t\t\t<\/div>\n\t\t\t\t\t<\/div>\n\t\t\t\t<\/div>\n\t\t\t\t\t<\/div>\n\t\t\t\t<\/div>\n\t\t\t\t<\/div>\n\t\t<div class=\"elementor-element elementor-element-38538110 e-con-full e-flex e-con e-child\" data-id=\"38538110\" data-element_type=\"container\" data-e-type=\"container\" data-settings=\"{&quot;background_background&quot;:&quot;classic&quot;}\">\n\t\t\t\t<div class=\"elementor-element elementor-element-36f1efb1 elementor-widget elementor-widget-text-editor\" data-id=\"36f1efb1\" data-element_type=\"widget\" data-e-type=\"widget\" data-widget_type=\"text-editor.default\">\n\t\t\t\t\t\t\t\t\t<p>Complete el siguiente formulario y nos pondremos en contacto lo antes posible.<\/p>\t\t\t\t\t\t\t\t<\/div>\n\t\t\t\t<div class=\"elementor-element elementor-element-c7932 elementor-button-align-center elementor-widget elementor-widget-form\" data-id=\"c7932\" data-element_type=\"widget\" data-e-type=\"widget\" data-settings=\"{&quot;step_next_label&quot;:&quot;Next&quot;,&quot;step_previous_label&quot;:&quot;Previous&quot;,&quot;button_width_tablet&quot;:&quot;100&quot;,&quot;button_width&quot;:&quot;100&quot;,&quot;step_type&quot;:&quot;number_text&quot;,&quot;step_icon_shape&quot;:&quot;circle&quot;}\" data-widget_type=\"form.default\">\n\t\t\t\t\t\t\t<form class=\"elementor-form\" method=\"post\" name=\"Contact Form\" aria-label=\"Contact Form\">\n\t\t\t<input type=\"hidden\" name=\"post_id\" value=\"234\"\/>\n\t\t\t<input type=\"hidden\" name=\"form_id\" value=\"c7932\"\/>\n\t\t\t<input type=\"hidden\" name=\"referer_title\" value=\"Locaci\u00f3n - Fusi\u00f3n Asiatica Ubicaci\u00f3n y Contacto | Archie&#039;s Wok Puerto Vallarta\" \/>\n\n\t\t\t\t\t\t\t<input type=\"hidden\" name=\"queried_id\" value=\"234\"\/>\n\t\t\t\n\t\t\t<div class=\"elementor-form-fields-wrapper elementor-labels-\">\n\t\t\t\t\t\t\t\t<div class=\"elementor-field-type-text elementor-field-group elementor-column elementor-field-group-name elementor-col-50 elementor-field-required\">\n\t\t\t\t\t\t\t\t\t\t\t\t<label for=\"form-field-name\" class=\"elementor-field-label elementor-screen-only\">\n\t\t\t\t\t\t\t\tYour Name\t\t\t\t\t\t\t<\/label>\n\t\t\t\t\t\t\t\t\t\t\t\t\t\t<input size=\"1\" type=\"text\" name=\"form_fields[name]\" id=\"form-field-name\" class=\"elementor-field elementor-size-md  elementor-field-textual\" placeholder=\"Nombre\" required=\"required\">\n\t\t\t\t\t\t\t\t\t\t\t<\/div>\n\t\t\t\t\t\t\t\t<div class=\"elementor-field-type-email elementor-field-group elementor-column elementor-field-group-email elementor-col-50 elementor-md-50 elementor-field-required\">\n\t\t\t\t\t\t\t\t\t\t\t\t<label for=\"form-field-email\" class=\"elementor-field-label elementor-screen-only\">\n\t\t\t\t\t\t\t\tYour email\t\t\t\t\t\t\t<\/label>\n\t\t\t\t\t\t\t\t\t\t\t\t\t\t<input size=\"1\" type=\"email\" name=\"form_fields[email]\" id=\"form-field-email\" class=\"elementor-field elementor-size-md  elementor-field-textual\" placeholder=\"Correo\" required=\"required\">\n\t\t\t\t\t\t\t\t\t\t\t<\/div>\n\t\t\t\t\t\t\t\t<div class=\"elementor-field-type-textarea elementor-field-group elementor-column elementor-field-group-field_71766c7 elementor-col-100\">\n\t\t\t\t\t\t\t\t\t\t\t\t<label for=\"form-field-field_71766c7\" class=\"elementor-field-label elementor-screen-only\">\n\t\t\t\t\t\t\t\tMessage\t\t\t\t\t\t\t<\/label>\n\t\t\t\t\t\t<textarea class=\"elementor-field-textual elementor-field  elementor-size-md\" name=\"form_fields[field_71766c7]\" id=\"form-field-field_71766c7\" rows=\"4\" placeholder=\"Mensaje\"><\/textarea>\t\t\t\t<\/div>\n\t\t\t\t\t\t\t\t<div class=\"elementor-field-type-recaptcha_v3 elementor-field-group elementor-column elementor-field-group-field_b9bb376 elementor-col-100 recaptcha_v3-bottomright\">\n\t\t\t\t\t<div class=\"elementor-field\" id=\"form-field-field_b9bb376\"><div class=\"elementor-g-recaptcha\" data-sitekey=\"6Le18qssAAAAAEVkC6qlbGqvSgH_ZFDgwLgjOU-q\" data-type=\"v3\" data-action=\"Form\" data-badge=\"bottomright\" data-size=\"invisible\"><\/div><\/div>\t\t\t\t<\/div>\n\t\t\t\t\t\t\t\t<div class=\"elementor-field-group elementor-column elementor-field-type-submit elementor-col-100 e-form__buttons elementor-md-100\">\n\t\t\t\t\t<button class=\"elementor-button elementor-size-md\" type=\"submit\">\n\t\t\t\t\t\t<span class=\"elementor-button-content-wrapper\">\n\t\t\t\t\t\t\t\t\t\t\t\t\t\t\t\t\t\t\t\t\t\t<span class=\"elementor-button-text\">Enviar<\/span>\n\t\t\t\t\t\t\t\t\t\t\t\t\t<\/span>\n\t\t\t\t\t<\/button>\n\t\t\t\t<\/div>\n\t\t\t<\/div>\n\t\t<\/form>\n\t\t\t\t\t\t<\/div>\n\t\t\t\t<\/div>\n\t\t\t\t<\/div>\n\t\t<div class=\"elementor-element elementor-element-2ce2f5f6 e-con-full e-flex e-con e-parent\" data-id=\"2ce2f5f6\" data-element_type=\"container\" data-e-type=\"container\">\n\t\t<div class=\"elementor-element elementor-element-1deaf511 e-con-full e-flex e-con e-child\" data-id=\"1deaf511\" data-element_type=\"container\" data-e-type=\"container\" data-settings=\"{&quot;background_background&quot;:&quot;classic&quot;}\">\n\t\t\t\t<div class=\"elementor-element elementor-element-2da16199 elementor-widget elementor-widget-google_maps\" data-id=\"2da16199\" data-element_type=\"widget\" data-e-type=\"widget\" data-widget_type=\"google_maps.default\">\n\t\t\t\t\t\t\t<div class=\"elementor-custom-embed\">\n\t\t\t<iframe loading=\"lazy\"\n\t\t\t\t\tsrc=\"https:\/\/maps.google.com\/maps?q=Archie%27s%20Wok&#038;t=m&#038;z=17&#038;output=embed&#038;iwloc=near\"\n\t\t\t\t\ttitle=\"Archie&#039;s Wok\"\n\t\t\t\t\taria-label=\"Archie&#039;s Wok\"\n\t\t\t><\/iframe>\n\t\t<\/div>\n\t\t\t\t\t\t<\/div>\n\t\t\t\t<\/div>\n\t\t<div class=\"elementor-element elementor-element-4268aebe e-con-full e-flex e-con e-child\" data-id=\"4268aebe\" data-element_type=\"container\" data-e-type=\"container\">\n\t\t\t\t<div class=\"elementor-element elementor-element-4dd2cf78 elementor-widget elementor-widget-heading\" data-id=\"4dd2cf78\" data-element_type=\"widget\" data-e-type=\"widget\" data-widget_type=\"heading.default\">\n\t\t\t\t\t<h2 class=\"elementor-heading-title elementor-size-default\">Vis\u00edtanos!<\/h2>\t\t\t\t<\/div>\n\t\t\t\t<div class=\"elementor-element elementor-element-51ad2fc7 elementor-widget elementor-widget-icon-box\" data-id=\"51ad2fc7\" data-element_type=\"widget\" data-e-type=\"widget\" data-widget_type=\"icon-box.default\">\n\t\t\t\t\t\t\t<div class=\"elementor-icon-box-wrapper\">\n\n\t\t\t\n\t\t\t\t\t\t<div class=\"elementor-icon-box-content\">\n\n\t\t\t\t\t\t\t\t\t<h4 class=\"elementor-icon-box-title\">\n\t\t\t\t\t\t<span  >\n\t\t\t\t\t\t\tDirecci\u00f3n:\t\t\t\t\t\t<\/span>\n\t\t\t\t\t<\/h4>\n\t\t\t\t\n\t\t\t\t\t\t\t\t\t<p class=\"elementor-icon-box-description\">\n\t\t\t\t\t\tFrancisca Rodr\u00edguez 130, Zona Rom\u00e1ntica, Emiliano Zapata, 48380 Puerto Vallarta, Jal.\t\t\t\t\t<\/p>\n\t\t\t\t\n\t\t\t<\/div>\n\t\t\t\n\t\t<\/div>\n\t\t\t\t\t\t<\/div>\n\t\t\t\t<\/div>\n\t\t\t\t<\/div>\n\t\t<div class=\"elementor-element elementor-element-da86a28 e-flex e-con-boxed e-con e-parent\" data-id=\"da86a28\" data-element_type=\"container\" data-e-type=\"container\">\n\t\t\t\t\t<div class=\"e-con-inner\">\n\t\t\t\t<div class=\"elementor-element elementor-element-7b900f6 elementor-widget elementor-widget-spacer\" data-id=\"7b900f6\" data-element_type=\"widget\" data-e-type=\"widget\" data-widget_type=\"spacer.default\">\n\t\t\t\t\t\t\t<div class=\"elementor-spacer\">\n\t\t\t<div class=\"elementor-spacer-inner\"><\/div>\n\t\t<\/div>\n\t\t\t\t\t\t<\/div>\n\t\t\t\t\t<\/div>\n\t\t\t\t<\/div>\n\t\t\t\t<\/div>\n\t\t","protected":false},"excerpt":{"rendered":"<p>Cont\u00e1ctanos Nos encantar\u00eda hablar contigo.No dudes en ponerte en contacto con nosotros utilizando los datos que figuran a continuaci\u00f3n. Nuestros Datos 322 222 0411 info@archieswok.com Horario Lunes a S\u00e1bado 2:00PM &#8211; 9:00PM Complete el siguiente formulario y nos pondremos en contacto lo antes posible. Vis\u00edtanos! Direcci\u00f3n: Francisca Rodr\u00edguez 130, Zona Rom\u00e1ntica, Emiliano Zapata, 48380 Puerto [&hellip;]<\/p>\n","protected":false},"author":1,"featured_media":155,"parent":0,"menu_order":0,"comment_status":"closed","ping_status":"closed","template":"","meta":{"footnotes":""},"class_list":["post-234","page","type-page","status-publish","has-post-thumbnail","hentry"],"yoast_head":"<!-- This site is optimized with the Yoast SEO plugin v27.4 - https:\/\/yoast.com\/product\/yoast-seo-wordpress\/ -->\n<title>Locaci\u00f3n - Fusi\u00f3n Asiatica Ubicaci\u00f3n y Contacto | Archie&#039;s Wok Puerto Vallarta<\/title>\n<meta name=\"description\" content=\"Encuentra la ubicaci\u00f3n de Archie&#039;s Wok en Puerto Vallarta. Consulta direcci\u00f3n, horarios y contacto de nuestro restaurante de fusi\u00f3n asi\u00e1tica.\" \/>\n<meta name=\"robots\" content=\"index, follow, max-snippet:-1, max-image-preview:large, max-video-preview:-1\" \/>\n<link rel=\"canonical\" href=\"https:\/\/archieswok.com\/es\/locacion\/\" \/>\n<meta property=\"og:locale\" content=\"es_MX\" \/>\n<meta property=\"og:type\" content=\"article\" \/>\n<meta property=\"og:title\" content=\"Locaci\u00f3n - Fusi\u00f3n Asiatica Ubicaci\u00f3n y Contacto | Archie&#039;s Wok Puerto Vallarta\" \/>\n<meta property=\"og:description\" content=\"Encuentra la ubicaci\u00f3n de Archie&#039;s Wok en Puerto Vallarta. Consulta direcci\u00f3n, horarios y contacto de nuestro restaurante de fusi\u00f3n asi\u00e1tica.\" \/>\n<meta property=\"og:url\" content=\"https:\/\/archieswok.com\/es\/locacion\/\" \/>\n<meta property=\"og:site_name\" content=\"Fusi\u00f3n Asiatica\" \/>\n<meta property=\"article:publisher\" content=\"https:\/\/www.facebook.com\/archieswok\" \/>\n<meta property=\"article:modified_time\" content=\"2026-04-07T20:31:44+00:00\" \/>\n<meta property=\"og:image\" content=\"https:\/\/archieswok.com\/wp-content\/uploads\/2026\/02\/welcome-archies-wok.jpg\" \/>\n\t<meta property=\"og:image:width\" content=\"1149\" \/>\n\t<meta property=\"og:image:height\" content=\"1436\" \/>\n\t<meta property=\"og:image:type\" content=\"image\/jpeg\" \/>\n<meta name=\"twitter:card\" content=\"summary_large_image\" \/>\n<meta name=\"twitter:label1\" content=\"Tiempo de lectura\" \/>\n\t<meta name=\"twitter:data1\" content=\"1 minuto\" \/>\n<script type=\"application\/ld+json\" class=\"yoast-schema-graph\">{\"@context\":\"https:\\\/\\\/schema.org\",\"@graph\":[{\"@type\":\"WebPage\",\"@id\":\"https:\\\/\\\/archieswok.com\\\/locacion\\\/\",\"url\":\"https:\\\/\\\/archieswok.com\\\/locacion\\\/\",\"name\":\"Locaci\u00f3n - Fusi\u00f3n Asiatica Ubicaci\u00f3n y Contacto | Archie's Wok Puerto Vallarta\",\"isPartOf\":{\"@id\":\"https:\\\/\\\/archieswok.com\\\/#website\"},\"primaryImageOfPage\":{\"@id\":\"https:\\\/\\\/archieswok.com\\\/locacion\\\/#primaryimage\"},\"image\":{\"@id\":\"https:\\\/\\\/archieswok.com\\\/locacion\\\/#primaryimage\"},\"thumbnailUrl\":\"https:\\\/\\\/archieswok.com\\\/wp-content\\\/uploads\\\/2026\\\/02\\\/welcome-archies-wok.jpg\",\"datePublished\":\"2026-02-13T01:12:21+00:00\",\"dateModified\":\"2026-04-07T20:31:44+00:00\",\"description\":\"Encuentra la ubicaci\u00f3n de Archie's Wok en Puerto Vallarta. Consulta direcci\u00f3n, horarios y contacto de nuestro restaurante de fusi\u00f3n asi\u00e1tica.\",\"breadcrumb\":{\"@id\":\"https:\\\/\\\/archieswok.com\\\/locacion\\\/#breadcrumb\"},\"inLanguage\":\"es\",\"potentialAction\":[{\"@type\":\"ReadAction\",\"target\":[\"https:\\\/\\\/archieswok.com\\\/locacion\\\/\"]}]},{\"@type\":\"ImageObject\",\"inLanguage\":\"es\",\"@id\":\"https:\\\/\\\/archieswok.com\\\/locacion\\\/#primaryimage\",\"url\":\"https:\\\/\\\/archieswok.com\\\/wp-content\\\/uploads\\\/2026\\\/02\\\/welcome-archies-wok.jpg\",\"contentUrl\":\"https:\\\/\\\/archieswok.com\\\/wp-content\\\/uploads\\\/2026\\\/02\\\/welcome-archies-wok.jpg\",\"width\":1149,\"height\":1436},{\"@type\":\"BreadcrumbList\",\"@id\":\"https:\\\/\\\/archieswok.com\\\/locacion\\\/#breadcrumb\",\"itemListElement\":[{\"@type\":\"ListItem\",\"position\":1,\"name\":\"Portada\",\"item\":\"https:\\\/\\\/archieswok.com\\\/\"},{\"@type\":\"ListItem\",\"position\":2,\"name\":\"Locaci\u00f3n\"}]},{\"@type\":\"WebSite\",\"@id\":\"https:\\\/\\\/archieswok.com\\\/#website\",\"url\":\"https:\\\/\\\/archieswok.com\\\/\",\"name\":\"Archie's Wok\",\"description\":\"Todos los derechos reservados\",\"publisher\":{\"@id\":\"https:\\\/\\\/archieswok.com\\\/#organization\"},\"potentialAction\":[{\"@type\":\"SearchAction\",\"target\":{\"@type\":\"EntryPoint\",\"urlTemplate\":\"https:\\\/\\\/archieswok.com\\\/?s={search_term_string}\"},\"query-input\":{\"@type\":\"PropertyValueSpecification\",\"valueRequired\":true,\"valueName\":\"search_term_string\"}}],\"inLanguage\":\"es\"},{\"@type\":\"Organization\",\"@id\":\"https:\\\/\\\/archieswok.com\\\/#organization\",\"name\":\"Archie's Wok\",\"url\":\"https:\\\/\\\/archieswok.com\\\/\",\"logo\":{\"@type\":\"ImageObject\",\"inLanguage\":\"es\",\"@id\":\"https:\\\/\\\/archieswok.com\\\/#\\\/schema\\\/logo\\\/image\\\/\",\"url\":\"https:\\\/\\\/archieswok.com\\\/wp-content\\\/uploads\\\/2026\\\/02\\\/logo.png\",\"contentUrl\":\"https:\\\/\\\/archieswok.com\\\/wp-content\\\/uploads\\\/2026\\\/02\\\/logo.png\",\"width\":300,\"height\":300,\"caption\":\"Archie's Wok\"},\"image\":{\"@id\":\"https:\\\/\\\/archieswok.com\\\/#\\\/schema\\\/logo\\\/image\\\/\"},\"sameAs\":[\"https:\\\/\\\/www.facebook.com\\\/archieswok\",\"https:\\\/\\\/www.tripadvisor.com\\\/Restaurant_Review-g150793-d1031963-Reviews-Archie_s_Wok-Puerto_Vallarta.html\",\"https:\\\/\\\/www.instagram.com\\\/archies_wok\"]}]}<\/script>\n<!-- \/ Yoast SEO plugin. -->","yoast_head_json":{"title":"Locaci\u00f3n - Fusi\u00f3n Asiatica Ubicaci\u00f3n y Contacto | Archie's Wok Puerto Vallarta","description":"Encuentra la ubicaci\u00f3n de Archie's Wok en Puerto Vallarta. Consulta direcci\u00f3n, horarios y contacto de nuestro restaurante de fusi\u00f3n asi\u00e1tica.","robots":{"index":"index","follow":"follow","max-snippet":"max-snippet:-1","max-image-preview":"max-image-preview:large","max-video-preview":"max-video-preview:-1"},"canonical":"https:\/\/archieswok.com\/es\/locacion\/","og_locale":"es_MX","og_type":"article","og_title":"Locaci\u00f3n - Fusi\u00f3n Asiatica Ubicaci\u00f3n y Contacto | Archie's Wok Puerto Vallarta","og_description":"Encuentra la ubicaci\u00f3n de Archie's Wok en Puerto Vallarta. Consulta direcci\u00f3n, horarios y contacto de nuestro restaurante de fusi\u00f3n asi\u00e1tica.","og_url":"https:\/\/archieswok.com\/es\/locacion\/","og_site_name":"Fusi\u00f3n Asiatica","article_publisher":"https:\/\/www.facebook.com\/archieswok","article_modified_time":"2026-04-07T20:31:44+00:00","og_image":[{"width":1149,"height":1436,"url":"https:\/\/archieswok.com\/wp-content\/uploads\/2026\/02\/welcome-archies-wok.jpg","type":"image\/jpeg"}],"twitter_card":"summary_large_image","twitter_misc":{"Tiempo de lectura":"1 minuto"},"schema":{"@context":"https:\/\/schema.org","@graph":[{"@type":"WebPage","@id":"https:\/\/archieswok.com\/locacion\/","url":"https:\/\/archieswok.com\/locacion\/","name":"Locaci\u00f3n - Fusi\u00f3n Asiatica Ubicaci\u00f3n y Contacto | Archie's Wok Puerto Vallarta","isPartOf":{"@id":"https:\/\/archieswok.com\/#website"},"primaryImageOfPage":{"@id":"https:\/\/archieswok.com\/locacion\/#primaryimage"},"image":{"@id":"https:\/\/archieswok.com\/locacion\/#primaryimage"},"thumbnailUrl":"https:\/\/archieswok.com\/wp-content\/uploads\/2026\/02\/welcome-archies-wok.jpg","datePublished":"2026-02-13T01:12:21+00:00","dateModified":"2026-04-07T20:31:44+00:00","description":"Encuentra la ubicaci\u00f3n de Archie's Wok en Puerto Vallarta. Consulta direcci\u00f3n, horarios y contacto de nuestro restaurante de fusi\u00f3n asi\u00e1tica.","breadcrumb":{"@id":"https:\/\/archieswok.com\/locacion\/#breadcrumb"},"inLanguage":"es","potentialAction":[{"@type":"ReadAction","target":["https:\/\/archieswok.com\/locacion\/"]}]},{"@type":"ImageObject","inLanguage":"es","@id":"https:\/\/archieswok.com\/locacion\/#primaryimage","url":"https:\/\/archieswok.com\/wp-content\/uploads\/2026\/02\/welcome-archies-wok.jpg","contentUrl":"https:\/\/archieswok.com\/wp-content\/uploads\/2026\/02\/welcome-archies-wok.jpg","width":1149,"height":1436},{"@type":"BreadcrumbList","@id":"https:\/\/archieswok.com\/locacion\/#breadcrumb","itemListElement":[{"@type":"ListItem","position":1,"name":"Portada","item":"https:\/\/archieswok.com\/"},{"@type":"ListItem","position":2,"name":"Locaci\u00f3n"}]},{"@type":"WebSite","@id":"https:\/\/archieswok.com\/#website","url":"https:\/\/archieswok.com\/","name":"Archie's Wok","description":"Todos los derechos reservados","publisher":{"@id":"https:\/\/archieswok.com\/#organization"},"potentialAction":[{"@type":"SearchAction","target":{"@type":"EntryPoint","urlTemplate":"https:\/\/archieswok.com\/?s={search_term_string}"},"query-input":{"@type":"PropertyValueSpecification","valueRequired":true,"valueName":"search_term_string"}}],"inLanguage":"es"},{"@type":"Organization","@id":"https:\/\/archieswok.com\/#organization","name":"Archie's Wok","url":"https:\/\/archieswok.com\/","logo":{"@type":"ImageObject","inLanguage":"es","@id":"https:\/\/archieswok.com\/#\/schema\/logo\/image\/","url":"https:\/\/archieswok.com\/wp-content\/uploads\/2026\/02\/logo.png","contentUrl":"https:\/\/archieswok.com\/wp-content\/uploads\/2026\/02\/logo.png","width":300,"height":300,"caption":"Archie's Wok"},"image":{"@id":"https:\/\/archieswok.com\/#\/schema\/logo\/image\/"},"sameAs":["https:\/\/www.facebook.com\/archieswok","https:\/\/www.tripadvisor.com\/Restaurant_Review-g150793-d1031963-Reviews-Archie_s_Wok-Puerto_Vallarta.html","https:\/\/www.instagram.com\/archies_wok"]}]}},"_links":{"self":[{"href":"https:\/\/archieswok.com\/es\/wp-json\/wp\/v2\/pages\/234","targetHints":{"allow":["GET"]}}],"collection":[{"href":"https:\/\/archieswok.com\/es\/wp-json\/wp\/v2\/pages"}],"about":[{"href":"https:\/\/archieswok.com\/es\/wp-json\/wp\/v2\/types\/page"}],"author":[{"embeddable":true,"href":"https:\/\/archieswok.com\/es\/wp-json\/wp\/v2\/users\/1"}],"replies":[{"embeddable":true,"href":"https:\/\/archieswok.com\/es\/wp-json\/wp\/v2\/comments?post=234"}],"version-history":[{"count":43,"href":"https:\/\/archieswok.com\/es\/wp-json\/wp\/v2\/pages\/234\/revisions"}],"predecessor-version":[{"id":957,"href":"https:\/\/archieswok.com\/es\/wp-json\/wp\/v2\/pages\/234\/revisions\/957"}],"wp:featuredmedia":[{"embeddable":true,"href":"https:\/\/archieswok.com\/es\/wp-json\/wp\/v2\/media\/155"}],"wp:attachment":[{"href":"https:\/\/archieswok.com\/es\/wp-json\/wp\/v2\/media?parent=234"}],"curies":[{"name":"wp","href":"https:\/\/api.w.org\/{rel}","templated":true}]}}